{"id":13022,"date":"2022-01-27T09:03:23","date_gmt":"2022-01-27T08:03:23","guid":{"rendered":"https:\/\/staging.interface-pol.ch\/themes\/health-promotion-and-prevention"},"modified":"2025-03-05T11:42:58","modified_gmt":"2025-03-05T10:42:58","slug":"promotion-de-la-sante-et-prevention","status":"publish","type":"page","link":"https:\/\/staging.interface-pol.ch\/fr\/themes\/promotion-de-la-sante-et-prevention","title":{"rendered":"Promotion de la sant\u00e9 et pr\u00e9vention"},"content":{"rendered":"<p>Nous faisons de la recherche, \u00e9valuons et conseillons sur les th\u00e8mes suivants : alimentation et activit\u00e9 physique, sant\u00e9 psychique, comp\u00e9tences en sant\u00e9, sport, addictions, pr\u00e9vention du suicide, vieillesse, proches aidant.e.s, maladies non transmissibles, pr\u00e9vention dans les soins de sant\u00e9, vaccination et sant\u00e9 environnementale.<\/p>\n","protected":false},"excerpt":{"rendered":"<p>Nous faisons de la recherche, \u00e9valuons et conseillons sur les th\u00e8mes suivants : alimentation et activit\u00e9 physique, sant\u00e9 psychique, comp\u00e9tences &hellip;<\/p>\n","protected":false},"author":56,"featured_media":13015,"parent":265,"menu_order":0,"comment_status":"closed","ping_status":"closed","template":"","meta":{"_acf_changed":false,"footnotes":""},"class_list":["post-13022","page","type-page","status-publish","has-post-thumbnail","hentry"],"acf":[],"_links":{"self":[{"href":"https:\/\/staging.interface-pol.ch\/fr\/wp-json\/wp\/v2\/pages\/13022","targetHints":{"allow":["GET"]}}],"collection":[{"href":"https:\/\/staging.interface-pol.ch\/fr\/wp-json\/wp\/v2\/pages"}],"about":[{"href":"https:\/\/staging.interface-pol.ch\/fr\/wp-json\/wp\/v2\/types\/page"}],"author":[{"embeddable":true,"href":"https:\/\/staging.interface-pol.ch\/fr\/wp-json\/wp\/v2\/users\/56"}],"replies":[{"embeddable":true,"href":"https:\/\/staging.interface-pol.ch\/fr\/wp-json\/wp\/v2\/comments?post=13022"}],"version-history":[{"count":1,"href":"https:\/\/staging.interface-pol.ch\/fr\/wp-json\/wp\/v2\/pages\/13022\/revisions"}],"predecessor-version":[{"id":82382,"href":"https:\/\/staging.interface-pol.ch\/fr\/wp-json\/wp\/v2\/pages\/13022\/revisions\/82382"}],"up":[{"embeddable":true,"href":"https:\/\/staging.interface-pol.ch\/fr\/wp-json\/wp\/v2\/pages\/265"}],"wp:featuredmedia":[{"embeddable":true,"href":"https:\/\/staging.interface-pol.ch\/fr\/wp-json\/wp\/v2\/media\/13015"}],"wp:attachment":[{"href":"https:\/\/staging.interface-pol.ch\/fr\/wp-json\/wp\/v2\/media?parent=13022"}],"curies":[{"name":"wp","href":"https:\/\/api.w.org\/{rel}","templated":true}]}}