{"id":1340,"date":"2018-06-28T17:10:45","date_gmt":"2018-06-28T15:10:45","guid":{"rendered":"https:\/\/staging.interface-pol.ch\/?page_id=1340"},"modified":"2024-01-17T16:17:36","modified_gmt":"2024-01-17T15:17:36","slug":"vieillesse-et-evolution-demographique","status":"publish","type":"page","link":"https:\/\/staging.interface-pol.ch\/fr\/themes\/vieillesse-et-evolution-demographique","title":{"rendered":"Vieillesse et \u00e9volution d\u00e9mographique"},"content":{"rendered":"<p>Nous nous concentrons non seulement sur les risques, mais \u00e9galement sur les nombreuses chances offertes \u00e0 la soci\u00e9t\u00e9 par l\u2019\u00e9volution d\u00e9mographique. Nous trouvons en point de mire la couverture vieillesse, la cohabitation des g\u00e9n\u00e9rations et la vie autod\u00e9termin\u00e9e ainsi que le logement pour les a\u00een\u00e9s.<\/p>\n","protected":false},"excerpt":{"rendered":"<p>Nous nous concentrons non seulement sur les risques, mais \u00e9galement sur les nombreuses chances offertes \u00e0 la soci\u00e9t\u00e9 par l\u2019\u00e9volution &hellip;<\/p>\n","protected":false},"author":56,"featured_media":3507,"parent":265,"menu_order":0,"comment_status":"closed","ping_status":"closed","template":"","meta":{"_acf_changed":false,"footnotes":""},"class_list":["post-1340","page","type-page","status-publish","has-post-thumbnail","hentry"],"acf":[],"_links":{"self":[{"href":"https:\/\/staging.interface-pol.ch\/fr\/wp-json\/wp\/v2\/pages\/1340","targetHints":{"allow":["GET"]}}],"collection":[{"href":"https:\/\/staging.interface-pol.ch\/fr\/wp-json\/wp\/v2\/pages"}],"about":[{"href":"https:\/\/staging.interface-pol.ch\/fr\/wp-json\/wp\/v2\/types\/page"}],"author":[{"embeddable":true,"href":"https:\/\/staging.interface-pol.ch\/fr\/wp-json\/wp\/v2\/users\/56"}],"replies":[{"embeddable":true,"href":"https:\/\/staging.interface-pol.ch\/fr\/wp-json\/wp\/v2\/comments?post=1340"}],"version-history":[{"count":0,"href":"https:\/\/staging.interface-pol.ch\/fr\/wp-json\/wp\/v2\/pages\/1340\/revisions"}],"up":[{"embeddable":true,"href":"https:\/\/staging.interface-pol.ch\/fr\/wp-json\/wp\/v2\/pages\/265"}],"wp:featuredmedia":[{"embeddable":true,"href":"https:\/\/staging.interface-pol.ch\/fr\/wp-json\/wp\/v2\/media\/3507"}],"wp:attachment":[{"href":"https:\/\/staging.interface-pol.ch\/fr\/wp-json\/wp\/v2\/media?parent=1340"}],"curies":[{"name":"wp","href":"https:\/\/api.w.org\/{rel}","templated":true}]}}