{"id":1389,"date":"2018-06-28T17:19:19","date_gmt":"2018-06-28T15:19:19","guid":{"rendered":"https:\/\/staging.interface-pol.ch\/?page_id=1389"},"modified":"2025-03-05T11:18:30","modified_gmt":"2025-03-05T10:18:30","slug":"egalite-des-chances","status":"publish","type":"page","link":"https:\/\/staging.interface-pol.ch\/fr\/themes\/egalite-des-chances","title":{"rendered":"\u00c9galit\u00e9 des chances"},"content":{"rendered":"<p>Le genre, l\u2019\u00e2ge, l\u2019origine sociale, l\u2019origine ethnique ou le handicap d\u2019une personne ne doivent pas entraver ses chances de participer \u00e0 la vie sociale. Un d\u00e9s\u00e9quilibre entre ce droit et la r\u00e9alit\u00e9 est susceptible d&#8217;engendrer des tensions sociales. \u00c0 travers nos analyses, \u00e9valuations et consultations, nous contributions \u00e0 l\u2019objectivation de la discussion.<\/p>\n","protected":false},"excerpt":{"rendered":"<p>Le genre, l\u2019\u00e2ge, l\u2019origine sociale, l\u2019origine ethnique ou le handicap d\u2019une personne ne doivent pas entraver ses chances de participer &hellip;<\/p>\n","protected":false},"author":56,"featured_media":3509,"parent":265,"menu_order":0,"comment_status":"closed","ping_status":"closed","template":"","meta":{"_acf_changed":false,"footnotes":""},"class_list":["post-1389","page","type-page","status-publish","has-post-thumbnail","hentry"],"acf":[],"_links":{"self":[{"href":"https:\/\/staging.interface-pol.ch\/fr\/wp-json\/wp\/v2\/pages\/1389","targetHints":{"allow":["GET"]}}],"collection":[{"href":"https:\/\/staging.interface-pol.ch\/fr\/wp-json\/wp\/v2\/pages"}],"about":[{"href":"https:\/\/staging.interface-pol.ch\/fr\/wp-json\/wp\/v2\/types\/page"}],"author":[{"embeddable":true,"href":"https:\/\/staging.interface-pol.ch\/fr\/wp-json\/wp\/v2\/users\/56"}],"replies":[{"embeddable":true,"href":"https:\/\/staging.interface-pol.ch\/fr\/wp-json\/wp\/v2\/comments?post=1389"}],"version-history":[{"count":1,"href":"https:\/\/staging.interface-pol.ch\/fr\/wp-json\/wp\/v2\/pages\/1389\/revisions"}],"predecessor-version":[{"id":82356,"href":"https:\/\/staging.interface-pol.ch\/fr\/wp-json\/wp\/v2\/pages\/1389\/revisions\/82356"}],"up":[{"embeddable":true,"href":"https:\/\/staging.interface-pol.ch\/fr\/wp-json\/wp\/v2\/pages\/265"}],"wp:featuredmedia":[{"embeddable":true,"href":"https:\/\/staging.interface-pol.ch\/fr\/wp-json\/wp\/v2\/media\/3509"}],"wp:attachment":[{"href":"https:\/\/staging.interface-pol.ch\/fr\/wp-json\/wp\/v2\/media?parent=1389"}],"curies":[{"name":"wp","href":"https:\/\/api.w.org\/{rel}","templated":true}]}}