{"id":1391,"date":"2018-06-28T17:32:20","date_gmt":"2018-06-28T15:32:20","guid":{"rendered":"https:\/\/staging.interface-pol.ch\/?page_id=1391"},"modified":"2024-02-13T11:38:14","modified_gmt":"2024-02-13T10:38:14","slug":"energie-et-climat","status":"publish","type":"page","link":"https:\/\/staging.interface-pol.ch\/fr\/themes\/energie-et-climat","title":{"rendered":"\u00c9nergie et climat"},"content":{"rendered":"<p>Sur mandat d\u2019institutions publiques et priv\u00e9es, nous d\u00e9veloppons et \u00e9valuons des mesures de la politique \u00e9nerg\u00e9tique et climatique. Nous menons des projets dans la recherche \u00e9nerg\u00e9tique et sommes mandat\u00e9s pour diriger des programmes de recherche.<\/p>\n","protected":false},"excerpt":{"rendered":"<p>Sur mandat d\u2019institutions publiques et priv\u00e9es, nous d\u00e9veloppons et \u00e9valuons des mesures de la politique \u00e9nerg\u00e9tique et climatique. Nous menons &hellip;<\/p>\n","protected":false},"author":56,"featured_media":3511,"parent":265,"menu_order":0,"comment_status":"closed","ping_status":"closed","template":"","meta":{"_acf_changed":false,"footnotes":""},"class_list":["post-1391","page","type-page","status-publish","has-post-thumbnail","hentry"],"acf":[],"_links":{"self":[{"href":"https:\/\/staging.interface-pol.ch\/fr\/wp-json\/wp\/v2\/pages\/1391","targetHints":{"allow":["GET"]}}],"collection":[{"href":"https:\/\/staging.interface-pol.ch\/fr\/wp-json\/wp\/v2\/pages"}],"about":[{"href":"https:\/\/staging.interface-pol.ch\/fr\/wp-json\/wp\/v2\/types\/page"}],"author":[{"embeddable":true,"href":"https:\/\/staging.interface-pol.ch\/fr\/wp-json\/wp\/v2\/users\/56"}],"replies":[{"embeddable":true,"href":"https:\/\/staging.interface-pol.ch\/fr\/wp-json\/wp\/v2\/comments?post=1391"}],"version-history":[{"count":0,"href":"https:\/\/staging.interface-pol.ch\/fr\/wp-json\/wp\/v2\/pages\/1391\/revisions"}],"up":[{"embeddable":true,"href":"https:\/\/staging.interface-pol.ch\/fr\/wp-json\/wp\/v2\/pages\/265"}],"wp:featuredmedia":[{"embeddable":true,"href":"https:\/\/staging.interface-pol.ch\/fr\/wp-json\/wp\/v2\/media\/3511"}],"wp:attachment":[{"href":"https:\/\/staging.interface-pol.ch\/fr\/wp-json\/wp\/v2\/media?parent=1391"}],"curies":[{"name":"wp","href":"https:\/\/api.w.org\/{rel}","templated":true}]}}