{"id":14430,"date":"2022-03-15T13:58:29","date_gmt":"2022-03-15T12:58:29","guid":{"rendered":"https:\/\/staging.interface-pol.ch\/?page_id=14430"},"modified":"2022-03-21T14:33:16","modified_gmt":"2022-03-21T13:33:16","slug":"newsletter","status":"publish","type":"page","link":"https:\/\/staging.interface-pol.ch\/fr\/portrait\/newsletter","title":{"rendered":"Newsletter"},"content":{"rendered":"<script>(function() {\n\twindow.mc4wp = window.mc4wp || {\n\t\tlisteners: [],\n\t\tforms: {\n\t\t\ton: function(evt, cb) {\n\t\t\t\twindow.mc4wp.listeners.push(\n\t\t\t\t\t{\n\t\t\t\t\t\tevent   : evt,\n\t\t\t\t\t\tcallback: cb\n\t\t\t\t\t}\n\t\t\t\t);\n\t\t\t}\n\t\t}\n\t}\n})();\n<\/script><!-- Mailchimp for WordPress v4.10.2 - https:\/\/wordpress.org\/plugins\/mailchimp-for-wp\/ --><form id=\"mc4wp-form-1\" class=\"mc4wp-form mc4wp-form-9066 mc4wp-ajax\" method=\"post\" data-id=\"9066\" data-name=\"Newsletter (FR)\" ><div class=\"mc4wp-form-fields\"><div class=\"form-group\">\r\n    <label>Pr\u00e9nom<\/label>\r\n    <input type=\"text\" name=\"FNAME\" class=\"form-control\">\r\n<\/div>\r\n<div class=\"form-group\">\r\n    <label>Nom<\/label>\r\n    <input type=\"text\" name=\"LNAME\" class=\"form-control\">\r\n<\/div>\r\n<div class=\"form-group\">\r\n    <label>Entreprise<\/label>\r\n    <input type=\"text\" name=\"MMERGE6\" class=\"form-control\">\r\n<\/div>\r\n<div class=\"form-group\">\r\n\t<label>Email<\/label>\r\n\t<input type=\"email\" name=\"EMAIL\" class=\"form-control\" placeholder=\"Votre email\" required \/>\r\n<\/div>\r\n\r\n<div class=\"form-group form-check\">\r\n        <input name=\"AGREE_TO_TERMS\" type=\"checkbox\" class=\"form-check-input\" value=\"1\" required=\"\">\r\n      <label class=\"form-check-label small\" for=\"termsCheck\">J'ai lu et j\u2019accepte les <a href=\"\/fr\/protection-des-donnees\/\">conditions relatives \u00e0 la protection des donn\u00e9es<\/a>.<\/label>\r\n  <\/div>\r\n<input type=\"submit\" value=\"S'abonner\"  class=\"btn btn-primary\" \/><\/div><label style=\"display: none !important;\">Leave this field empty if you're human: <input type=\"text\" name=\"_mc4wp_honeypot\" value=\"\" tabindex=\"-1\" autocomplete=\"off\" \/><\/label><input type=\"hidden\" name=\"_mc4wp_timestamp\" value=\"1776487213\" \/><input type=\"hidden\" name=\"_mc4wp_form_id\" value=\"9066\" \/><input type=\"hidden\" name=\"_mc4wp_form_element_id\" value=\"mc4wp-form-1\" \/><div class=\"mc4wp-response\"><\/div><\/form><!-- \/ Mailchimp for WordPress Plugin -->\n<div class=\"rounded-0 alert alert-light my-4 small border\">Pour des raisons de s\u00e9curit\u00e9, nous vous envoyons d&#8217;abord un e-mail dans lequel vous confirmez votre inscription. Veuillez donc imp\u00e9rativement indiquer une adresse e-mail valide. Vos donn\u00e9es seront trait\u00e9es de mani\u00e8re confidentielle et ne seront pas transmises \u00e0 des tiers.<\/div>\n","protected":false},"excerpt":{"rendered":"<p>Pour des raisons de s\u00e9curit\u00e9, nous vous envoyons d&#8217;abord un e-mail dans lequel vous confirmez votre inscription. Veuillez donc imp\u00e9rativement &hellip;<\/p>\n","protected":false},"author":1,"featured_media":0,"parent":257,"menu_order":0,"comment_status":"closed","ping_status":"closed","template":"views\/template-mailchimp-archive.blade.php","meta":{"_acf_changed":false,"footnotes":""},"class_list":["post-14430","page","type-page","status-publish","hentry"],"acf":[],"_links":{"self":[{"href":"https:\/\/staging.interface-pol.ch\/fr\/wp-json\/wp\/v2\/pages\/14430","targetHints":{"allow":["GET"]}}],"collection":[{"href":"https:\/\/staging.interface-pol.ch\/fr\/wp-json\/wp\/v2\/pages"}],"about":[{"href":"https:\/\/staging.interface-pol.ch\/fr\/wp-json\/wp\/v2\/types\/page"}],"author":[{"embeddable":true,"href":"https:\/\/staging.interface-pol.ch\/fr\/wp-json\/wp\/v2\/users\/1"}],"replies":[{"embeddable":true,"href":"https:\/\/staging.interface-pol.ch\/fr\/wp-json\/wp\/v2\/comments?post=14430"}],"version-history":[{"count":0,"href":"https:\/\/staging.interface-pol.ch\/fr\/wp-json\/wp\/v2\/pages\/14430\/revisions"}],"up":[{"embeddable":true,"href":"https:\/\/staging.interface-pol.ch\/fr\/wp-json\/wp\/v2\/pages\/257"}],"wp:attachment":[{"href":"https:\/\/staging.interface-pol.ch\/fr\/wp-json\/wp\/v2\/media?parent=14430"}],"curies":[{"name":"wp","href":"https:\/\/api.w.org\/{rel}","templated":true}]}}