{"id":18798,"date":"2019-02-06T13:48:04","date_gmt":"2019-02-06T12:48:04","guid":{"rendered":"https:\/\/staging.interface-pol.ch\/prestations\/peer-reviews"},"modified":"2023-03-03T09:57:31","modified_gmt":"2023-03-03T08:57:31","slug":"evaluation-par-les-pairs-peer-review","status":"publish","type":"page","link":"https:\/\/staging.interface-pol.ch\/fr\/prestations\/evaluation-par-les-pairs-peer-review","title":{"rendered":"\u00c9valuation par les pairs (peer review)"},"content":{"rendered":"<p>Ce processus permet d\u2019\u00e9valuer de fa\u00e7on efficiente la qualit\u00e9 et le volume de la recherche dans les domaines les plus vari\u00e9s. Gr\u00e2ce \u00e0 ce processus, tant la charge de travail des organisations qui sont \u00e9valu\u00e9es que celle des expert\u2219e\u2219s (<em>peer<\/em>) est r\u00e9duite.<\/p>\n<p>&nbsp;<\/p>\n","protected":false},"excerpt":{"rendered":"<p>Ce processus permet d\u2019\u00e9valuer de fa\u00e7on efficiente la qualit\u00e9 et le volume de la recherche dans les domaines les plus &hellip;<\/p>\n","protected":false},"author":56,"featured_media":0,"parent":261,"menu_order":0,"comment_status":"closed","ping_status":"closed","template":"","meta":{"_acf_changed":false,"footnotes":""},"class_list":["post-18798","page","type-page","status-publish","hentry"],"acf":[],"_links":{"self":[{"href":"https:\/\/staging.interface-pol.ch\/fr\/wp-json\/wp\/v2\/pages\/18798","targetHints":{"allow":["GET"]}}],"collection":[{"href":"https:\/\/staging.interface-pol.ch\/fr\/wp-json\/wp\/v2\/pages"}],"about":[{"href":"https:\/\/staging.interface-pol.ch\/fr\/wp-json\/wp\/v2\/types\/page"}],"author":[{"embeddable":true,"href":"https:\/\/staging.interface-pol.ch\/fr\/wp-json\/wp\/v2\/users\/56"}],"replies":[{"embeddable":true,"href":"https:\/\/staging.interface-pol.ch\/fr\/wp-json\/wp\/v2\/comments?post=18798"}],"version-history":[{"count":0,"href":"https:\/\/staging.interface-pol.ch\/fr\/wp-json\/wp\/v2\/pages\/18798\/revisions"}],"up":[{"embeddable":true,"href":"https:\/\/staging.interface-pol.ch\/fr\/wp-json\/wp\/v2\/pages\/261"}],"wp:attachment":[{"href":"https:\/\/staging.interface-pol.ch\/fr\/wp-json\/wp\/v2\/media?parent=18798"}],"curies":[{"name":"wp","href":"https:\/\/api.w.org\/{rel}","templated":true}]}}