{"id":2539,"date":"2018-06-29T08:20:40","date_gmt":"2018-06-29T06:20:40","guid":{"rendered":"https:\/\/staging.interface-pol.ch\/?page_id=2539"},"modified":"2025-03-05T11:29:04","modified_gmt":"2025-03-05T10:29:04","slug":"recherche-sur-levaluation","status":"publish","type":"page","link":"https:\/\/staging.interface-pol.ch\/fr\/themes\/recherche-sur-levaluation","title":{"rendered":"Recherche sur l\u2019\u00e9valuation"},"content":{"rendered":"<p>Nous effectuons \u00e9galement des recherches sur la th\u00e9orie, la m\u00e9thodologie et la pratique des \u00e9valuations. Gr\u00e2ce \u00e0 ce travail de recherche, nous pouvons sans cesse d\u00e9velopper nos activit\u00e9s de recherche et maintenir une qualit\u00e9 constante et \u00e9lev\u00e9e.<\/p>\n","protected":false},"excerpt":{"rendered":"<p>Nous effectuons \u00e9galement des recherches sur la th\u00e9orie, la m\u00e9thodologie et la pratique des \u00e9valuations. Gr\u00e2ce \u00e0 ce travail de &hellip;<\/p>\n","protected":false},"author":56,"featured_media":3513,"parent":265,"menu_order":0,"comment_status":"closed","ping_status":"closed","template":"","meta":{"_acf_changed":false,"footnotes":""},"class_list":["post-2539","page","type-page","status-publish","has-post-thumbnail","hentry"],"acf":[],"_links":{"self":[{"href":"https:\/\/staging.interface-pol.ch\/fr\/wp-json\/wp\/v2\/pages\/2539","targetHints":{"allow":["GET"]}}],"collection":[{"href":"https:\/\/staging.interface-pol.ch\/fr\/wp-json\/wp\/v2\/pages"}],"about":[{"href":"https:\/\/staging.interface-pol.ch\/fr\/wp-json\/wp\/v2\/types\/page"}],"author":[{"embeddable":true,"href":"https:\/\/staging.interface-pol.ch\/fr\/wp-json\/wp\/v2\/users\/56"}],"replies":[{"embeddable":true,"href":"https:\/\/staging.interface-pol.ch\/fr\/wp-json\/wp\/v2\/comments?post=2539"}],"version-history":[{"count":1,"href":"https:\/\/staging.interface-pol.ch\/fr\/wp-json\/wp\/v2\/pages\/2539\/revisions"}],"predecessor-version":[{"id":82369,"href":"https:\/\/staging.interface-pol.ch\/fr\/wp-json\/wp\/v2\/pages\/2539\/revisions\/82369"}],"up":[{"embeddable":true,"href":"https:\/\/staging.interface-pol.ch\/fr\/wp-json\/wp\/v2\/pages\/265"}],"wp:featuredmedia":[{"embeddable":true,"href":"https:\/\/staging.interface-pol.ch\/fr\/wp-json\/wp\/v2\/media\/3513"}],"wp:attachment":[{"href":"https:\/\/staging.interface-pol.ch\/fr\/wp-json\/wp\/v2\/media?parent=2539"}],"curies":[{"name":"wp","href":"https:\/\/api.w.org\/{rel}","templated":true}]}}