{"id":2541,"date":"2018-06-29T08:33:41","date_gmt":"2018-06-29T06:33:41","guid":{"rendered":"https:\/\/staging.interface-pol.ch\/?page_id=2541"},"modified":"2023-03-24T14:48:35","modified_gmt":"2023-03-24T13:48:35","slug":"famille-et-education","status":"publish","type":"page","link":"https:\/\/staging.interface-pol.ch\/fr\/themes\/famille-et-education","title":{"rendered":"Famille et \u00e9ducation"},"content":{"rendered":"<p>Nous \u00e9valuons de nouvelles approches pour soutenir le syst\u00e8me familial et accompagnons les acteurs dans les communes, les cantons et aupr\u00e8s de la Conf\u00e9d\u00e9ration, afin de concevoir des offres de grande qualit\u00e9, adapt\u00e9es aux besoins, pour les enfants, les adolescents et les familles.<\/p>\n","protected":false},"excerpt":{"rendered":"<p>Nous \u00e9valuons de nouvelles approches pour soutenir le syst\u00e8me familial et accompagnons les acteurs dans les communes, les cantons et &hellip;<\/p>\n","protected":false},"author":56,"featured_media":3515,"parent":265,"menu_order":0,"comment_status":"closed","ping_status":"closed","template":"","meta":{"_acf_changed":false,"footnotes":""},"class_list":["post-2541","page","type-page","status-publish","has-post-thumbnail","hentry"],"acf":[],"_links":{"self":[{"href":"https:\/\/staging.interface-pol.ch\/fr\/wp-json\/wp\/v2\/pages\/2541","targetHints":{"allow":["GET"]}}],"collection":[{"href":"https:\/\/staging.interface-pol.ch\/fr\/wp-json\/wp\/v2\/pages"}],"about":[{"href":"https:\/\/staging.interface-pol.ch\/fr\/wp-json\/wp\/v2\/types\/page"}],"author":[{"embeddable":true,"href":"https:\/\/staging.interface-pol.ch\/fr\/wp-json\/wp\/v2\/users\/56"}],"replies":[{"embeddable":true,"href":"https:\/\/staging.interface-pol.ch\/fr\/wp-json\/wp\/v2\/comments?post=2541"}],"version-history":[{"count":0,"href":"https:\/\/staging.interface-pol.ch\/fr\/wp-json\/wp\/v2\/pages\/2541\/revisions"}],"up":[{"embeddable":true,"href":"https:\/\/staging.interface-pol.ch\/fr\/wp-json\/wp\/v2\/pages\/265"}],"wp:featuredmedia":[{"embeddable":true,"href":"https:\/\/staging.interface-pol.ch\/fr\/wp-json\/wp\/v2\/media\/3515"}],"wp:attachment":[{"href":"https:\/\/staging.interface-pol.ch\/fr\/wp-json\/wp\/v2\/media?parent=2541"}],"curies":[{"name":"wp","href":"https:\/\/api.w.org\/{rel}","templated":true}]}}