{"id":2544,"date":"2018-06-29T08:35:27","date_gmt":"2018-06-29T06:35:27","guid":{"rendered":"https:\/\/staging.interface-pol.ch\/?page_id=2544"},"modified":"2021-03-03T14:11:41","modified_gmt":"2021-03-03T13:11:41","slug":"recherche-et-innovation","status":"publish","type":"page","link":"https:\/\/staging.interface-pol.ch\/fr\/themes\/recherche-et-innovation","title":{"rendered":"Recherche et innovation"},"content":{"rendered":"<p>Nous avons notamment \u00e9labor\u00e9 un proc\u00e9d\u00e9 de revue entre pairs sp\u00e9cifique pour une \u00e9valuation efficace des organisations d\u2019enseignement et de recherche. Nous disposons en outre d\u2019un r\u00e9seau d\u2019experts \u00e9tendu dans le domaine de la gestion scientifique, capable de nous \u00e9pauler ponctuellement.<\/p>\n","protected":false},"excerpt":{"rendered":"<p>Nous avons notamment \u00e9labor\u00e9 un proc\u00e9d\u00e9 de revue entre pairs sp\u00e9cifique pour une \u00e9valuation efficace des organisations d\u2019enseignement et de &hellip;<\/p>\n","protected":false},"author":56,"featured_media":3517,"parent":265,"menu_order":0,"comment_status":"closed","ping_status":"closed","template":"","meta":{"_acf_changed":false,"footnotes":""},"class_list":["post-2544","page","type-page","status-publish","has-post-thumbnail","hentry"],"acf":[],"_links":{"self":[{"href":"https:\/\/staging.interface-pol.ch\/fr\/wp-json\/wp\/v2\/pages\/2544","targetHints":{"allow":["GET"]}}],"collection":[{"href":"https:\/\/staging.interface-pol.ch\/fr\/wp-json\/wp\/v2\/pages"}],"about":[{"href":"https:\/\/staging.interface-pol.ch\/fr\/wp-json\/wp\/v2\/types\/page"}],"author":[{"embeddable":true,"href":"https:\/\/staging.interface-pol.ch\/fr\/wp-json\/wp\/v2\/users\/56"}],"replies":[{"embeddable":true,"href":"https:\/\/staging.interface-pol.ch\/fr\/wp-json\/wp\/v2\/comments?post=2544"}],"version-history":[{"count":0,"href":"https:\/\/staging.interface-pol.ch\/fr\/wp-json\/wp\/v2\/pages\/2544\/revisions"}],"up":[{"embeddable":true,"href":"https:\/\/staging.interface-pol.ch\/fr\/wp-json\/wp\/v2\/pages\/265"}],"wp:featuredmedia":[{"embeddable":true,"href":"https:\/\/staging.interface-pol.ch\/fr\/wp-json\/wp\/v2\/media\/3517"}],"wp:attachment":[{"href":"https:\/\/staging.interface-pol.ch\/fr\/wp-json\/wp\/v2\/media?parent=2544"}],"curies":[{"name":"wp","href":"https:\/\/api.w.org\/{rel}","templated":true}]}}