{"id":2546,"date":"2018-06-29T08:37:50","date_gmt":"2018-06-29T06:37:50","guid":{"rendered":"https:\/\/staging.interface-pol.ch\/?page_id=2546"},"modified":"2025-03-05T11:47:08","modified_gmt":"2025-03-05T10:47:08","slug":"soins-de-sante","status":"publish","type":"page","link":"https:\/\/staging.interface-pol.ch\/fr\/themes\/soins-de-sante","title":{"rendered":"Soins de sant\u00e9"},"content":{"rendered":"<p>Nous faisons de la recherche, \u00e9valuons et conseillons dans le domaine des soins de sant\u00e9 et du syst\u00e8me de sant\u00e9. Nos th\u00e8mes couvrent un large spectre, dont : les soins de base ambulatoires, l&#8217;interprofessionnalit\u00e9, la pr\u00e9vention dans les soins de sant\u00e9, les pr\u00e9f\u00e9rences des patient.e.s et l&#8217;avenir des soins de sant\u00e9 ainsi que le financement du syst\u00e8me de sant\u00e9.<\/p>\n","protected":false},"excerpt":{"rendered":"<p>Nous faisons de la recherche, \u00e9valuons et conseillons dans le domaine des soins de sant\u00e9 et du syst\u00e8me de sant\u00e9. &hellip;<\/p>\n","protected":false},"author":56,"featured_media":3519,"parent":265,"menu_order":0,"comment_status":"closed","ping_status":"closed","template":"","meta":{"_acf_changed":false,"footnotes":""},"class_list":["post-2546","page","type-page","status-publish","has-post-thumbnail","hentry"],"acf":[],"_links":{"self":[{"href":"https:\/\/staging.interface-pol.ch\/fr\/wp-json\/wp\/v2\/pages\/2546","targetHints":{"allow":["GET"]}}],"collection":[{"href":"https:\/\/staging.interface-pol.ch\/fr\/wp-json\/wp\/v2\/pages"}],"about":[{"href":"https:\/\/staging.interface-pol.ch\/fr\/wp-json\/wp\/v2\/types\/page"}],"author":[{"embeddable":true,"href":"https:\/\/staging.interface-pol.ch\/fr\/wp-json\/wp\/v2\/users\/56"}],"replies":[{"embeddable":true,"href":"https:\/\/staging.interface-pol.ch\/fr\/wp-json\/wp\/v2\/comments?post=2546"}],"version-history":[{"count":1,"href":"https:\/\/staging.interface-pol.ch\/fr\/wp-json\/wp\/v2\/pages\/2546\/revisions"}],"predecessor-version":[{"id":82387,"href":"https:\/\/staging.interface-pol.ch\/fr\/wp-json\/wp\/v2\/pages\/2546\/revisions\/82387"}],"up":[{"embeddable":true,"href":"https:\/\/staging.interface-pol.ch\/fr\/wp-json\/wp\/v2\/pages\/265"}],"wp:featuredmedia":[{"embeddable":true,"href":"https:\/\/staging.interface-pol.ch\/fr\/wp-json\/wp\/v2\/media\/3519"}],"wp:attachment":[{"href":"https:\/\/staging.interface-pol.ch\/fr\/wp-json\/wp\/v2\/media?parent=2546"}],"curies":[{"name":"wp","href":"https:\/\/api.w.org\/{rel}","templated":true}]}}