{"id":2568,"date":"2018-06-29T09:55:17","date_gmt":"2018-06-29T07:55:17","guid":{"rendered":"https:\/\/staging.interface-pol.ch\/?page_id=2568"},"modified":"2025-03-05T13:13:09","modified_gmt":"2025-03-05T12:13:09","slug":"migration-et-integration","status":"publish","type":"page","link":"https:\/\/staging.interface-pol.ch\/fr\/themes\/migration-et-integration","title":{"rendered":"Migration et int\u00e9gration"},"content":{"rendered":"<p>Notre travail inclut des analyses, des \u00e9valuations et des consultations sur des mesures et des proc\u00e9dures dans le domaine de l\u2019asile. Interface \u00e9tudie en outre les processus relatifs \u00e0 l\u2019int\u00e9gration de diff\u00e9rents groupes de population dans la soci\u00e9t\u00e9. L\u2019accent est \u00e9galement mis sur le travail b\u00e9n\u00e9vole.<\/p>\n","protected":false},"excerpt":{"rendered":"<p>Notre travail inclut des analyses, des \u00e9valuations et des consultations sur des mesures et des proc\u00e9dures dans le domaine de &hellip;<\/p>\n","protected":false},"author":56,"featured_media":3527,"parent":265,"menu_order":0,"comment_status":"closed","ping_status":"closed","template":"","meta":{"_acf_changed":false,"footnotes":""},"class_list":["post-2568","page","type-page","status-publish","has-post-thumbnail","hentry"],"acf":[],"_links":{"self":[{"href":"https:\/\/staging.interface-pol.ch\/fr\/wp-json\/wp\/v2\/pages\/2568","targetHints":{"allow":["GET"]}}],"collection":[{"href":"https:\/\/staging.interface-pol.ch\/fr\/wp-json\/wp\/v2\/pages"}],"about":[{"href":"https:\/\/staging.interface-pol.ch\/fr\/wp-json\/wp\/v2\/types\/page"}],"author":[{"embeddable":true,"href":"https:\/\/staging.interface-pol.ch\/fr\/wp-json\/wp\/v2\/users\/56"}],"replies":[{"embeddable":true,"href":"https:\/\/staging.interface-pol.ch\/fr\/wp-json\/wp\/v2\/comments?post=2568"}],"version-history":[{"count":1,"href":"https:\/\/staging.interface-pol.ch\/fr\/wp-json\/wp\/v2\/pages\/2568\/revisions"}],"predecessor-version":[{"id":82403,"href":"https:\/\/staging.interface-pol.ch\/fr\/wp-json\/wp\/v2\/pages\/2568\/revisions\/82403"}],"up":[{"embeddable":true,"href":"https:\/\/staging.interface-pol.ch\/fr\/wp-json\/wp\/v2\/pages\/265"}],"wp:featuredmedia":[{"embeddable":true,"href":"https:\/\/staging.interface-pol.ch\/fr\/wp-json\/wp\/v2\/media\/3527"}],"wp:attachment":[{"href":"https:\/\/staging.interface-pol.ch\/fr\/wp-json\/wp\/v2\/media?parent=2568"}],"curies":[{"name":"wp","href":"https:\/\/api.w.org\/{rel}","templated":true}]}}