{"id":2570,"date":"2018-06-29T09:56:35","date_gmt":"2018-06-29T07:56:35","guid":{"rendered":"https:\/\/staging.interface-pol.ch\/?page_id=2570"},"modified":"2021-03-02T16:41:15","modified_gmt":"2021-03-02T15:41:15","slug":"gestion-publique","status":"publish","type":"page","link":"https:\/\/staging.interface-pol.ch\/fr\/themes\/gestion-publique","title":{"rendered":"Gestion publique"},"content":{"rendered":"<p>Nous vous apportons une aide comp\u00e9tente dans toutes les questions relatives \u00e0 la r\u00e9partition des t\u00e2ches et \u00e0 l\u2019ex\u00e9cution f\u00e9d\u00e9rale de la politique.<\/p>\n","protected":false},"excerpt":{"rendered":"<p>Nous vous apportons une aide comp\u00e9tente dans toutes les questions relatives \u00e0 la r\u00e9partition des t\u00e2ches et \u00e0 l\u2019ex\u00e9cution f\u00e9d\u00e9rale &hellip;<\/p>\n","protected":false},"author":56,"featured_media":3529,"parent":265,"menu_order":0,"comment_status":"closed","ping_status":"closed","template":"","meta":{"_acf_changed":false,"footnotes":""},"class_list":["post-2570","page","type-page","status-publish","has-post-thumbnail","hentry"],"acf":[],"_links":{"self":[{"href":"https:\/\/staging.interface-pol.ch\/fr\/wp-json\/wp\/v2\/pages\/2570","targetHints":{"allow":["GET"]}}],"collection":[{"href":"https:\/\/staging.interface-pol.ch\/fr\/wp-json\/wp\/v2\/pages"}],"about":[{"href":"https:\/\/staging.interface-pol.ch\/fr\/wp-json\/wp\/v2\/types\/page"}],"author":[{"embeddable":true,"href":"https:\/\/staging.interface-pol.ch\/fr\/wp-json\/wp\/v2\/users\/56"}],"replies":[{"embeddable":true,"href":"https:\/\/staging.interface-pol.ch\/fr\/wp-json\/wp\/v2\/comments?post=2570"}],"version-history":[{"count":0,"href":"https:\/\/staging.interface-pol.ch\/fr\/wp-json\/wp\/v2\/pages\/2570\/revisions"}],"up":[{"embeddable":true,"href":"https:\/\/staging.interface-pol.ch\/fr\/wp-json\/wp\/v2\/pages\/265"}],"wp:featuredmedia":[{"embeddable":true,"href":"https:\/\/staging.interface-pol.ch\/fr\/wp-json\/wp\/v2\/media\/3529"}],"wp:attachment":[{"href":"https:\/\/staging.interface-pol.ch\/fr\/wp-json\/wp\/v2\/media?parent=2570"}],"curies":[{"name":"wp","href":"https:\/\/api.w.org\/{rel}","templated":true}]}}