{"id":2573,"date":"2018-06-29T09:58:29","date_gmt":"2018-06-29T07:58:29","guid":{"rendered":"https:\/\/staging.interface-pol.ch\/?page_id=2573"},"modified":"2025-03-05T13:25:49","modified_gmt":"2025-03-05T12:25:49","slug":"espace","status":"publish","type":"page","link":"https:\/\/staging.interface-pol.ch\/fr\/themes\/espace","title":{"rendered":"Espace"},"content":{"rendered":"<p>Nous accompagnons nos clients dans le cadre d\u2019\u00e9valuations, d\u2019analyses et de d\u00e9veloppements strat\u00e9giques. Nous concevons et animons \u00e9galement des processus participatifs.<\/p>\n","protected":false},"excerpt":{"rendered":"<p>Nous accompagnons nos clients dans le cadre d\u2019\u00e9valuations, d\u2019analyses et de d\u00e9veloppements strat\u00e9giques. Nous concevons et animons \u00e9galement des processus &hellip;<\/p>\n","protected":false},"author":56,"featured_media":3531,"parent":265,"menu_order":0,"comment_status":"closed","ping_status":"closed","template":"","meta":{"_acf_changed":false,"footnotes":""},"class_list":["post-2573","page","type-page","status-publish","has-post-thumbnail","hentry"],"acf":[],"_links":{"self":[{"href":"https:\/\/staging.interface-pol.ch\/fr\/wp-json\/wp\/v2\/pages\/2573","targetHints":{"allow":["GET"]}}],"collection":[{"href":"https:\/\/staging.interface-pol.ch\/fr\/wp-json\/wp\/v2\/pages"}],"about":[{"href":"https:\/\/staging.interface-pol.ch\/fr\/wp-json\/wp\/v2\/types\/page"}],"author":[{"embeddable":true,"href":"https:\/\/staging.interface-pol.ch\/fr\/wp-json\/wp\/v2\/users\/56"}],"replies":[{"embeddable":true,"href":"https:\/\/staging.interface-pol.ch\/fr\/wp-json\/wp\/v2\/comments?post=2573"}],"version-history":[{"count":2,"href":"https:\/\/staging.interface-pol.ch\/fr\/wp-json\/wp\/v2\/pages\/2573\/revisions"}],"predecessor-version":[{"id":82409,"href":"https:\/\/staging.interface-pol.ch\/fr\/wp-json\/wp\/v2\/pages\/2573\/revisions\/82409"}],"up":[{"embeddable":true,"href":"https:\/\/staging.interface-pol.ch\/fr\/wp-json\/wp\/v2\/pages\/265"}],"wp:featuredmedia":[{"embeddable":true,"href":"https:\/\/staging.interface-pol.ch\/fr\/wp-json\/wp\/v2\/media\/3531"}],"wp:attachment":[{"href":"https:\/\/staging.interface-pol.ch\/fr\/wp-json\/wp\/v2\/media?parent=2573"}],"curies":[{"name":"wp","href":"https:\/\/api.w.org\/{rel}","templated":true}]}}