{"id":2575,"date":"2018-06-29T09:59:47","date_gmt":"2018-06-29T07:59:47","guid":{"rendered":"https:\/\/staging.interface-pol.ch\/?page_id=2575"},"modified":"2018-08-17T14:09:38","modified_gmt":"2018-08-17T12:09:38","slug":"securite-sociale","status":"publish","type":"page","link":"https:\/\/staging.interface-pol.ch\/fr\/themes\/securite-sociale","title":{"rendered":"S\u00e9curit\u00e9 sociale"},"content":{"rendered":"<p>Gr\u00e2ce \u00e0 nos analyses, nous contribuons \u00e0 ce que la d\u00e9finition des syst\u00e8mes de protection tels que l\u2019AVS, l\u2019AI, l\u2019AC et l\u2019aide sociale reste \u00e9quitable, transparente, efficace et efficiente, m\u00eame \u00e0 l\u2019avenir.<\/p>\n","protected":false},"excerpt":{"rendered":"<p>Gr\u00e2ce \u00e0 nos analyses, nous contribuons \u00e0 ce que la d\u00e9finition des syst\u00e8mes de protection tels que l\u2019AVS, l\u2019AI, l\u2019AC &hellip;<\/p>\n","protected":false},"author":56,"featured_media":3533,"parent":265,"menu_order":0,"comment_status":"closed","ping_status":"closed","template":"","meta":{"_acf_changed":false,"footnotes":""},"class_list":["post-2575","page","type-page","status-publish","has-post-thumbnail","hentry"],"acf":[],"_links":{"self":[{"href":"https:\/\/staging.interface-pol.ch\/fr\/wp-json\/wp\/v2\/pages\/2575","targetHints":{"allow":["GET"]}}],"collection":[{"href":"https:\/\/staging.interface-pol.ch\/fr\/wp-json\/wp\/v2\/pages"}],"about":[{"href":"https:\/\/staging.interface-pol.ch\/fr\/wp-json\/wp\/v2\/types\/page"}],"author":[{"embeddable":true,"href":"https:\/\/staging.interface-pol.ch\/fr\/wp-json\/wp\/v2\/users\/56"}],"replies":[{"embeddable":true,"href":"https:\/\/staging.interface-pol.ch\/fr\/wp-json\/wp\/v2\/comments?post=2575"}],"version-history":[{"count":0,"href":"https:\/\/staging.interface-pol.ch\/fr\/wp-json\/wp\/v2\/pages\/2575\/revisions"}],"up":[{"embeddable":true,"href":"https:\/\/staging.interface-pol.ch\/fr\/wp-json\/wp\/v2\/pages\/265"}],"wp:featuredmedia":[{"embeddable":true,"href":"https:\/\/staging.interface-pol.ch\/fr\/wp-json\/wp\/v2\/media\/3533"}],"wp:attachment":[{"href":"https:\/\/staging.interface-pol.ch\/fr\/wp-json\/wp\/v2\/media?parent=2575"}],"curies":[{"name":"wp","href":"https:\/\/api.w.org\/{rel}","templated":true}]}}