{"id":2577,"date":"2018-06-29T10:01:21","date_gmt":"2018-06-29T08:01:21","guid":{"rendered":"https:\/\/staging.interface-pol.ch\/?page_id=2577"},"modified":"2023-02-22T11:48:07","modified_gmt":"2023-02-22T10:48:07","slug":"environnement","status":"publish","type":"page","link":"https:\/\/staging.interface-pol.ch\/fr\/themes\/environnement","title":{"rendered":"Environnement"},"content":{"rendered":"<p>Conjointement avec l\u2019administration, la politique, les entreprises, les associations mais aussi les propri\u00e9taires fonciers, nous \u00e9laborons des strat\u00e9gies et concevons des mesures visant \u00e0 prot\u00e9ger l\u2019environnement et \u00e0 exploiter les ressources naturelles. Nous sommes sp\u00e9cialis\u00e9s dans les analyses relatives \u00e0 l\u2019ex\u00e9cution et \u00e0 l\u2019efficacit\u00e9 des mesures de politique environnementale.<\/p>\n","protected":false},"excerpt":{"rendered":"<p>Conjointement avec l\u2019administration, la politique, les entreprises, les associations mais aussi les propri\u00e9taires fonciers, nous \u00e9laborons des strat\u00e9gies et concevons &hellip;<\/p>\n","protected":false},"author":56,"featured_media":3535,"parent":265,"menu_order":0,"comment_status":"closed","ping_status":"closed","template":"","meta":{"_acf_changed":false,"footnotes":""},"class_list":["post-2577","page","type-page","status-publish","has-post-thumbnail","hentry"],"acf":[],"_links":{"self":[{"href":"https:\/\/staging.interface-pol.ch\/fr\/wp-json\/wp\/v2\/pages\/2577","targetHints":{"allow":["GET"]}}],"collection":[{"href":"https:\/\/staging.interface-pol.ch\/fr\/wp-json\/wp\/v2\/pages"}],"about":[{"href":"https:\/\/staging.interface-pol.ch\/fr\/wp-json\/wp\/v2\/types\/page"}],"author":[{"embeddable":true,"href":"https:\/\/staging.interface-pol.ch\/fr\/wp-json\/wp\/v2\/users\/56"}],"replies":[{"embeddable":true,"href":"https:\/\/staging.interface-pol.ch\/fr\/wp-json\/wp\/v2\/comments?post=2577"}],"version-history":[{"count":0,"href":"https:\/\/staging.interface-pol.ch\/fr\/wp-json\/wp\/v2\/pages\/2577\/revisions"}],"up":[{"embeddable":true,"href":"https:\/\/staging.interface-pol.ch\/fr\/wp-json\/wp\/v2\/pages\/265"}],"wp:featuredmedia":[{"embeddable":true,"href":"https:\/\/staging.interface-pol.ch\/fr\/wp-json\/wp\/v2\/media\/3535"}],"wp:attachment":[{"href":"https:\/\/staging.interface-pol.ch\/fr\/wp-json\/wp\/v2\/media?parent=2577"}],"curies":[{"name":"wp","href":"https:\/\/api.w.org\/{rel}","templated":true}]}}