{"id":2580,"date":"2018-06-29T10:03:30","date_gmt":"2018-06-29T08:03:30","guid":{"rendered":"https:\/\/staging.interface-pol.ch\/?page_id=2580"},"modified":"2024-04-02T09:32:47","modified_gmt":"2024-04-02T07:32:47","slug":"transport-et-mobilite","status":"publish","type":"page","link":"https:\/\/staging.interface-pol.ch\/fr\/themes\/transport-et-mobilite","title":{"rendered":"Transport et mobilit\u00e9"},"content":{"rendered":"<p>Nous r\u00e9fl\u00e9chissons \u00e9galement \u00e0 des questions concernant la mobilit\u00e9 future (notamment la conduite automatis\u00e9e, le covoiturage).<\/p>\n","protected":false},"excerpt":{"rendered":"<p>Nous r\u00e9fl\u00e9chissons \u00e9galement \u00e0 des questions concernant la mobilit\u00e9 future (notamment la conduite automatis\u00e9e, le covoiturage).<\/p>\n","protected":false},"author":56,"featured_media":3537,"parent":265,"menu_order":0,"comment_status":"closed","ping_status":"closed","template":"","meta":{"_acf_changed":false,"footnotes":""},"class_list":["post-2580","page","type-page","status-publish","has-post-thumbnail","hentry"],"acf":[],"_links":{"self":[{"href":"https:\/\/staging.interface-pol.ch\/fr\/wp-json\/wp\/v2\/pages\/2580","targetHints":{"allow":["GET"]}}],"collection":[{"href":"https:\/\/staging.interface-pol.ch\/fr\/wp-json\/wp\/v2\/pages"}],"about":[{"href":"https:\/\/staging.interface-pol.ch\/fr\/wp-json\/wp\/v2\/types\/page"}],"author":[{"embeddable":true,"href":"https:\/\/staging.interface-pol.ch\/fr\/wp-json\/wp\/v2\/users\/56"}],"replies":[{"embeddable":true,"href":"https:\/\/staging.interface-pol.ch\/fr\/wp-json\/wp\/v2\/comments?post=2580"}],"version-history":[{"count":0,"href":"https:\/\/staging.interface-pol.ch\/fr\/wp-json\/wp\/v2\/pages\/2580\/revisions"}],"up":[{"embeddable":true,"href":"https:\/\/staging.interface-pol.ch\/fr\/wp-json\/wp\/v2\/pages\/265"}],"wp:featuredmedia":[{"embeddable":true,"href":"https:\/\/staging.interface-pol.ch\/fr\/wp-json\/wp\/v2\/media\/3537"}],"wp:attachment":[{"href":"https:\/\/staging.interface-pol.ch\/fr\/wp-json\/wp\/v2\/media?parent=2580"}],"curies":[{"name":"wp","href":"https:\/\/api.w.org\/{rel}","templated":true}]}}