{"id":2582,"date":"2018-06-29T10:04:46","date_gmt":"2018-06-29T08:04:46","guid":{"rendered":"https:\/\/staging.interface-pol.ch\/?page_id=2582"},"modified":"2025-03-05T13:44:45","modified_gmt":"2025-03-05T12:44:45","slug":"foret-et-bois","status":"publish","type":"page","link":"https:\/\/staging.interface-pol.ch\/fr\/themes\/foret-et-bois","title":{"rendered":"For\u00eat et bois"},"content":{"rendered":"<p>La v\u00e9rification de la mise en \u0153uvre et de l\u2019efficacit\u00e9 des mesures de la politique foresti\u00e8re constitue l\u2019une de nos comp\u00e9tences cl\u00e9s. Nous poss\u00e9dons les connaissances n\u00e9cessaires pour \u00e9laborer des strat\u00e9gies et des mesures efficaces, conjointement avec les services forestiers, les associations et nos partenaires issus des milieux de la recherche et de la pratique.<\/p>\n","protected":false},"excerpt":{"rendered":"<p>La v\u00e9rification de la mise en \u0153uvre et de l\u2019efficacit\u00e9 des mesures de la politique foresti\u00e8re constitue l\u2019une de nos &hellip;<\/p>\n","protected":false},"author":56,"featured_media":3543,"parent":265,"menu_order":0,"comment_status":"closed","ping_status":"closed","template":"","meta":{"_acf_changed":false,"footnotes":""},"class_list":["post-2582","page","type-page","status-publish","has-post-thumbnail","hentry"],"acf":[],"_links":{"self":[{"href":"https:\/\/staging.interface-pol.ch\/fr\/wp-json\/wp\/v2\/pages\/2582","targetHints":{"allow":["GET"]}}],"collection":[{"href":"https:\/\/staging.interface-pol.ch\/fr\/wp-json\/wp\/v2\/pages"}],"about":[{"href":"https:\/\/staging.interface-pol.ch\/fr\/wp-json\/wp\/v2\/types\/page"}],"author":[{"embeddable":true,"href":"https:\/\/staging.interface-pol.ch\/fr\/wp-json\/wp\/v2\/users\/56"}],"replies":[{"embeddable":true,"href":"https:\/\/staging.interface-pol.ch\/fr\/wp-json\/wp\/v2\/comments?post=2582"}],"version-history":[{"count":1,"href":"https:\/\/staging.interface-pol.ch\/fr\/wp-json\/wp\/v2\/pages\/2582\/revisions"}],"predecessor-version":[{"id":82429,"href":"https:\/\/staging.interface-pol.ch\/fr\/wp-json\/wp\/v2\/pages\/2582\/revisions\/82429"}],"up":[{"embeddable":true,"href":"https:\/\/staging.interface-pol.ch\/fr\/wp-json\/wp\/v2\/pages\/265"}],"wp:featuredmedia":[{"embeddable":true,"href":"https:\/\/staging.interface-pol.ch\/fr\/wp-json\/wp\/v2\/media\/3543"}],"wp:attachment":[{"href":"https:\/\/staging.interface-pol.ch\/fr\/wp-json\/wp\/v2\/media?parent=2582"}],"curies":[{"name":"wp","href":"https:\/\/api.w.org\/{rel}","templated":true}]}}