{"id":2588,"date":"2018-06-29T10:20:22","date_gmt":"2018-06-29T08:20:22","guid":{"rendered":"https:\/\/staging.interface-pol.ch\/?page_id=2588"},"modified":"2025-03-05T09:28:40","modified_gmt":"2025-03-05T08:28:40","slug":"entreprise","status":"publish","type":"page","link":"https:\/\/staging.interface-pol.ch\/fr\/portrait\/entreprise","title":{"rendered":"Entreprise"},"content":{"rendered":"<p>Interface a \u00e9t\u00e9 fond\u00e9e en 1991, par le Prof. Andreas Balthasar.<\/p>\n<p>Nos bureaux se trouvent \u00e0 Lucerne et Lausanne. Interface est le centre d&#8217;expertise pour les \u00e9valuations en Suisse. Les collaboratrices et collaborateurs pratiquent en outre la recherche dans diff\u00e9rentes th\u00e9matiques et soutiennent et conseillent les organisations dans leur d\u00e9veloppement et lors de l\u2019\u00e9laboration de strat\u00e9gies. Nous animons \u00e9galement des ateliers et des manifestations pour de grands groupes.<\/p>\n<p>Les besoins de nos clients sont au c\u0153ur de toutes nos prestations. Pour chaque projet, nous constituons une \u00e9quipe sur mesure qui allie les comp\u00e9tences m\u00e9thodologiques et les connaissances requises. Des prestations de grande qualit\u00e9 sont une \u00e9vidence \u00e0 nos yeux.<\/p>\n<p>Nos collaboratrices et collaborateurs s\u2019engagent activement dans diff\u00e9rents comit\u00e9s de la Soci\u00e9t\u00e9 suisse d\u2019\u00e9valuation (SEVAL). Interface est membre du r\u00e9seau europ\u00e9en d\u2019\u00e9valuation C2E et certifi\u00e9e <a href=\"https:\/\/staging.interface-pol.ch\/app\/uploads\/2025\/03\/327395_iq_H42337.pdf\">ISO 9001:2015<\/a>. Par le biais de la certification de notre syst\u00e8me de gestion, nous nous engageons \u00e0 respecter les normes internationales de gestion de la qualit\u00e9 ISO 9001.<\/p>\n","protected":false},"excerpt":{"rendered":"<p>Interface a \u00e9t\u00e9 fond\u00e9e en 1991, par le Prof. Andreas Balthasar. Nos bureaux se trouvent \u00e0 Lucerne et Lausanne. Interface &hellip;<\/p>\n","protected":false},"author":56,"featured_media":0,"parent":257,"menu_order":0,"comment_status":"closed","ping_status":"closed","template":"","meta":{"_acf_changed":false,"footnotes":""},"class_list":["post-2588","page","type-page","status-publish","hentry"],"acf":[],"_links":{"self":[{"href":"https:\/\/staging.interface-pol.ch\/fr\/wp-json\/wp\/v2\/pages\/2588","targetHints":{"allow":["GET"]}}],"collection":[{"href":"https:\/\/staging.interface-pol.ch\/fr\/wp-json\/wp\/v2\/pages"}],"about":[{"href":"https:\/\/staging.interface-pol.ch\/fr\/wp-json\/wp\/v2\/types\/page"}],"author":[{"embeddable":true,"href":"https:\/\/staging.interface-pol.ch\/fr\/wp-json\/wp\/v2\/users\/56"}],"replies":[{"embeddable":true,"href":"https:\/\/staging.interface-pol.ch\/fr\/wp-json\/wp\/v2\/comments?post=2588"}],"version-history":[{"count":1,"href":"https:\/\/staging.interface-pol.ch\/fr\/wp-json\/wp\/v2\/pages\/2588\/revisions"}],"predecessor-version":[{"id":82341,"href":"https:\/\/staging.interface-pol.ch\/fr\/wp-json\/wp\/v2\/pages\/2588\/revisions\/82341"}],"up":[{"embeddable":true,"href":"https:\/\/staging.interface-pol.ch\/fr\/wp-json\/wp\/v2\/pages\/257"}],"wp:attachment":[{"href":"https:\/\/staging.interface-pol.ch\/fr\/wp-json\/wp\/v2\/media?parent=2588"}],"curies":[{"name":"wp","href":"https:\/\/api.w.org\/{rel}","templated":true}]}}