{"id":2604,"date":"2018-06-29T12:26:40","date_gmt":"2018-06-29T10:26:40","guid":{"rendered":"https:\/\/staging.interface-pol.ch\/?page_id=2604"},"modified":"2021-02-23T09:44:38","modified_gmt":"2021-02-23T08:44:38","slug":"conseil","status":"publish","type":"page","link":"https:\/\/staging.interface-pol.ch\/fr\/prestations\/conseil","title":{"rendered":"Conseil"},"content":{"rendered":"<p>Nous aidons ainsi \u00e0 aborder les nouveaut\u00e9s, \u00e0 garder un \u0153il sur l\u2019essentiel dans les phases difficiles de la mise en \u0153uvre et \u00e0 int\u00e9grer les acteurs importants dans les processus en cours.<\/p>\n","protected":false},"excerpt":{"rendered":"<p>Nous aidons ainsi \u00e0 aborder les nouveaut\u00e9s, \u00e0 garder un \u0153il sur l\u2019essentiel dans les phases difficiles de la mise &hellip;<\/p>\n","protected":false},"author":56,"featured_media":0,"parent":261,"menu_order":0,"comment_status":"closed","ping_status":"closed","template":"","meta":{"_acf_changed":false,"footnotes":""},"class_list":["post-2604","page","type-page","status-publish","hentry"],"acf":[],"_links":{"self":[{"href":"https:\/\/staging.interface-pol.ch\/fr\/wp-json\/wp\/v2\/pages\/2604","targetHints":{"allow":["GET"]}}],"collection":[{"href":"https:\/\/staging.interface-pol.ch\/fr\/wp-json\/wp\/v2\/pages"}],"about":[{"href":"https:\/\/staging.interface-pol.ch\/fr\/wp-json\/wp\/v2\/types\/page"}],"author":[{"embeddable":true,"href":"https:\/\/staging.interface-pol.ch\/fr\/wp-json\/wp\/v2\/users\/56"}],"replies":[{"embeddable":true,"href":"https:\/\/staging.interface-pol.ch\/fr\/wp-json\/wp\/v2\/comments?post=2604"}],"version-history":[{"count":0,"href":"https:\/\/staging.interface-pol.ch\/fr\/wp-json\/wp\/v2\/pages\/2604\/revisions"}],"up":[{"embeddable":true,"href":"https:\/\/staging.interface-pol.ch\/fr\/wp-json\/wp\/v2\/pages\/261"}],"wp:attachment":[{"href":"https:\/\/staging.interface-pol.ch\/fr\/wp-json\/wp\/v2\/media?parent=2604"}],"curies":[{"name":"wp","href":"https:\/\/api.w.org\/{rel}","templated":true}]}}