{"id":2623,"date":"2018-06-29T13:22:03","date_gmt":"2018-06-29T11:22:03","guid":{"rendered":"https:\/\/staging.interface-pol.ch\/?page_id=2623"},"modified":"2018-09-19T11:07:05","modified_gmt":"2018-09-19T09:07:05","slug":"evaluation","status":"publish","type":"page","link":"https:\/\/staging.interface-pol.ch\/fr\/prestations\/evaluation","title":{"rendered":"\u00c9valuation"},"content":{"rendered":"<p>Nous \u00e9laborons en outre des concepts d\u2019\u00e9valuation, soutenons les auto-\u00e9valuations et r\u00e9digeons des synth\u00e8ses d\u2019\u00e9valuation. Nous nous appuyons sur les besoins de nos clients, qu\u2019ils souhaitent une \u00e9valuation d\u00e9finitive avec des recommandations ou un accompagnement professionnel pour l\u2019optimisation continue d\u2019un programme ou d\u2019un processus.<\/p>\n","protected":false},"excerpt":{"rendered":"<p>Nous \u00e9laborons en outre des concepts d\u2019\u00e9valuation, soutenons les auto-\u00e9valuations et r\u00e9digeons des synth\u00e8ses d\u2019\u00e9valuation. Nous nous appuyons sur les &hellip;<\/p>\n","protected":false},"author":56,"featured_media":0,"parent":261,"menu_order":0,"comment_status":"closed","ping_status":"closed","template":"","meta":{"_acf_changed":false,"footnotes":""},"class_list":["post-2623","page","type-page","status-publish","hentry"],"acf":[],"_links":{"self":[{"href":"https:\/\/staging.interface-pol.ch\/fr\/wp-json\/wp\/v2\/pages\/2623","targetHints":{"allow":["GET"]}}],"collection":[{"href":"https:\/\/staging.interface-pol.ch\/fr\/wp-json\/wp\/v2\/pages"}],"about":[{"href":"https:\/\/staging.interface-pol.ch\/fr\/wp-json\/wp\/v2\/types\/page"}],"author":[{"embeddable":true,"href":"https:\/\/staging.interface-pol.ch\/fr\/wp-json\/wp\/v2\/users\/56"}],"replies":[{"embeddable":true,"href":"https:\/\/staging.interface-pol.ch\/fr\/wp-json\/wp\/v2\/comments?post=2623"}],"version-history":[{"count":0,"href":"https:\/\/staging.interface-pol.ch\/fr\/wp-json\/wp\/v2\/pages\/2623\/revisions"}],"up":[{"embeddable":true,"href":"https:\/\/staging.interface-pol.ch\/fr\/wp-json\/wp\/v2\/pages\/261"}],"wp:attachment":[{"href":"https:\/\/staging.interface-pol.ch\/fr\/wp-json\/wp\/v2\/media?parent=2623"}],"curies":[{"name":"wp","href":"https:\/\/api.w.org\/{rel}","templated":true}]}}