{"id":2628,"date":"2018-06-29T13:25:07","date_gmt":"2018-06-29T11:25:07","guid":{"rendered":"https:\/\/staging.interface-pol.ch\/?page_id=2628"},"modified":"2024-04-02T08:53:02","modified_gmt":"2024-04-02T06:53:02","slug":"recherche","status":"publish","type":"page","link":"https:\/\/staging.interface-pol.ch\/fr\/prestations\/recherche","title":{"rendered":"Recherche"},"content":{"rendered":"<p>Les r\u00e9sultats servent de base au d\u00e9veloppement et \u00e0 l\u2019am\u00e9nagement des diff\u00e9rents domaines de la politique. Nous menons r\u00e9guli\u00e8rement des mandats de recherche dans le cadre des programmes de recherche nationaux et prioritaires du Fonds national suisse. Nous intervenons en outre dans le domaine de la recherche de l\u2019administration f\u00e9d\u00e9rale. Nous colla\u00adborons alors souvent avec des instituts de hautes \u00e9coles.<\/p>\n","protected":false},"excerpt":{"rendered":"<p>Les r\u00e9sultats servent de base au d\u00e9veloppement et \u00e0 l\u2019am\u00e9nagement des diff\u00e9rents domaines de la politique. Nous menons r\u00e9guli\u00e8rement des &hellip;<\/p>\n","protected":false},"author":56,"featured_media":0,"parent":261,"menu_order":0,"comment_status":"closed","ping_status":"closed","template":"","meta":{"_acf_changed":false,"footnotes":""},"class_list":["post-2628","page","type-page","status-publish","hentry"],"acf":[],"_links":{"self":[{"href":"https:\/\/staging.interface-pol.ch\/fr\/wp-json\/wp\/v2\/pages\/2628","targetHints":{"allow":["GET"]}}],"collection":[{"href":"https:\/\/staging.interface-pol.ch\/fr\/wp-json\/wp\/v2\/pages"}],"about":[{"href":"https:\/\/staging.interface-pol.ch\/fr\/wp-json\/wp\/v2\/types\/page"}],"author":[{"embeddable":true,"href":"https:\/\/staging.interface-pol.ch\/fr\/wp-json\/wp\/v2\/users\/56"}],"replies":[{"embeddable":true,"href":"https:\/\/staging.interface-pol.ch\/fr\/wp-json\/wp\/v2\/comments?post=2628"}],"version-history":[{"count":0,"href":"https:\/\/staging.interface-pol.ch\/fr\/wp-json\/wp\/v2\/pages\/2628\/revisions"}],"up":[{"embeddable":true,"href":"https:\/\/staging.interface-pol.ch\/fr\/wp-json\/wp\/v2\/pages\/261"}],"wp:attachment":[{"href":"https:\/\/staging.interface-pol.ch\/fr\/wp-json\/wp\/v2\/media?parent=2628"}],"curies":[{"name":"wp","href":"https:\/\/api.w.org\/{rel}","templated":true}]}}