{"id":2638,"date":"2018-06-29T13:35:14","date_gmt":"2018-06-29T11:35:14","guid":{"rendered":"https:\/\/staging.interface-pol.ch\/?page_id=2638"},"modified":"2018-09-19T11:08:48","modified_gmt":"2018-09-19T09:08:48","slug":"analyses-economiques","status":"publish","type":"page","link":"https:\/\/staging.interface-pol.ch\/fr\/prestations\/analyses-economiques","title":{"rendered":"Analyses \u00e9conomiques"},"content":{"rendered":"<p>Pour cela nous avons recours \u00e0 l\u2019\u00e9conom\u00e9trie, \u00e0 la mesure des pr\u00e9f\u00e9rences, aux analyses du rapport co\u00fbt-utilit\u00e9 ainsi qu\u2019\u00e0 la th\u00e9orie \u00e9conomique.<\/p>\n","protected":false},"excerpt":{"rendered":"<p>Pour cela nous avons recours \u00e0 l\u2019\u00e9conom\u00e9trie, \u00e0 la mesure des pr\u00e9f\u00e9rences, aux analyses du rapport co\u00fbt-utilit\u00e9 ainsi qu\u2019\u00e0 la &hellip;<\/p>\n","protected":false},"author":56,"featured_media":0,"parent":261,"menu_order":0,"comment_status":"closed","ping_status":"closed","template":"","meta":{"_acf_changed":false,"footnotes":""},"class_list":["post-2638","page","type-page","status-publish","hentry"],"acf":[],"_links":{"self":[{"href":"https:\/\/staging.interface-pol.ch\/fr\/wp-json\/wp\/v2\/pages\/2638","targetHints":{"allow":["GET"]}}],"collection":[{"href":"https:\/\/staging.interface-pol.ch\/fr\/wp-json\/wp\/v2\/pages"}],"about":[{"href":"https:\/\/staging.interface-pol.ch\/fr\/wp-json\/wp\/v2\/types\/page"}],"author":[{"embeddable":true,"href":"https:\/\/staging.interface-pol.ch\/fr\/wp-json\/wp\/v2\/users\/56"}],"replies":[{"embeddable":true,"href":"https:\/\/staging.interface-pol.ch\/fr\/wp-json\/wp\/v2\/comments?post=2638"}],"version-history":[{"count":0,"href":"https:\/\/staging.interface-pol.ch\/fr\/wp-json\/wp\/v2\/pages\/2638\/revisions"}],"up":[{"embeddable":true,"href":"https:\/\/staging.interface-pol.ch\/fr\/wp-json\/wp\/v2\/pages\/261"}],"wp:attachment":[{"href":"https:\/\/staging.interface-pol.ch\/fr\/wp-json\/wp\/v2\/media?parent=2638"}],"curies":[{"name":"wp","href":"https:\/\/api.w.org\/{rel}","templated":true}]}}