{"id":2642,"date":"2018-06-29T13:37:15","date_gmt":"2018-06-29T11:37:15","guid":{"rendered":"https:\/\/staging.interface-pol.ch\/?page_id=2642"},"modified":"2021-03-25T13:54:19","modified_gmt":"2021-03-25T12:54:19","slug":"participation-et-animation","status":"publish","type":"page","link":"https:\/\/staging.interface-pol.ch\/fr\/prestations\/participation-et-animation","title":{"rendered":"Participation et animation"},"content":{"rendered":"<p>Nous soutenons et accompagnons les personnes responsables des institutions publiques et priv\u00e9es dans la pr\u00e9paration, l\u2019ex\u00e9cution et le suivi des proc\u00e9dures participatives. Quels que soient le th\u00e8me et la taille ou la composition des groupes impliqu\u00e9s, nous les soutenons avec comp\u00e9tence. Nous proposons \u00e9galement ces services sous forme num\u00e9rique. Gr\u00e2ce \u00e0 notre exp\u00e9rience, nous connaissons les \u00e9l\u00e9ments \u00e0 prendre en compte dans le cadre d\u2019un \u00e9v\u00e9nement en ligne, nous savons ce qui fonctionne et o\u00f9 se situent les difficult\u00e9s.<\/p>\n","protected":false},"excerpt":{"rendered":"<p>Nous soutenons et accompagnons les personnes responsables des institutions publiques et priv\u00e9es dans la pr\u00e9paration, l\u2019ex\u00e9cution et le suivi des &hellip;<\/p>\n","protected":false},"author":56,"featured_media":0,"parent":261,"menu_order":0,"comment_status":"closed","ping_status":"closed","template":"","meta":{"_acf_changed":false,"footnotes":""},"class_list":["post-2642","page","type-page","status-publish","hentry"],"acf":[],"_links":{"self":[{"href":"https:\/\/staging.interface-pol.ch\/fr\/wp-json\/wp\/v2\/pages\/2642","targetHints":{"allow":["GET"]}}],"collection":[{"href":"https:\/\/staging.interface-pol.ch\/fr\/wp-json\/wp\/v2\/pages"}],"about":[{"href":"https:\/\/staging.interface-pol.ch\/fr\/wp-json\/wp\/v2\/types\/page"}],"author":[{"embeddable":true,"href":"https:\/\/staging.interface-pol.ch\/fr\/wp-json\/wp\/v2\/users\/56"}],"replies":[{"embeddable":true,"href":"https:\/\/staging.interface-pol.ch\/fr\/wp-json\/wp\/v2\/comments?post=2642"}],"version-history":[{"count":0,"href":"https:\/\/staging.interface-pol.ch\/fr\/wp-json\/wp\/v2\/pages\/2642\/revisions"}],"up":[{"embeddable":true,"href":"https:\/\/staging.interface-pol.ch\/fr\/wp-json\/wp\/v2\/pages\/261"}],"wp:attachment":[{"href":"https:\/\/staging.interface-pol.ch\/fr\/wp-json\/wp\/v2\/media?parent=2642"}],"curies":[{"name":"wp","href":"https:\/\/api.w.org\/{rel}","templated":true}]}}