{"id":2648,"date":"2018-06-29T13:41:50","date_gmt":"2018-06-29T11:41:50","guid":{"rendered":"https:\/\/staging.interface-pol.ch\/?page_id=2648"},"modified":"2019-09-18T15:03:36","modified_gmt":"2019-09-18T13:03:36","slug":"gestion-de-projet","status":"publish","type":"page","link":"https:\/\/staging.interface-pol.ch\/fr\/prestations\/gestion-de-projet","title":{"rendered":"Gestion de projet"},"content":{"rendered":"<p>Nous nous chargeons \u00e0 votre place de la direction de projets ou veillons \u00e0 vos c\u00f4t\u00e9s au bon d\u00e9roulement de projets et de processus en cours. Vous pouvez \u00e9galement nous confier la direction d\u2019un bureau. En cas de pics de travail excessifs ou de postes vacants, nous nous rendons sur votre site dans un d\u00e9lai raisonnable et prenons en charge les travaux n\u00e9cessaires.<\/p>\n","protected":false},"excerpt":{"rendered":"<p>Nous nous chargeons \u00e0 votre place de la direction de projets ou veillons \u00e0 vos c\u00f4t\u00e9s au bon d\u00e9roulement de &hellip;<\/p>\n","protected":false},"author":56,"featured_media":0,"parent":261,"menu_order":0,"comment_status":"closed","ping_status":"closed","template":"","meta":{"_acf_changed":false,"footnotes":""},"class_list":["post-2648","page","type-page","status-publish","hentry"],"acf":[],"_links":{"self":[{"href":"https:\/\/staging.interface-pol.ch\/fr\/wp-json\/wp\/v2\/pages\/2648","targetHints":{"allow":["GET"]}}],"collection":[{"href":"https:\/\/staging.interface-pol.ch\/fr\/wp-json\/wp\/v2\/pages"}],"about":[{"href":"https:\/\/staging.interface-pol.ch\/fr\/wp-json\/wp\/v2\/types\/page"}],"author":[{"embeddable":true,"href":"https:\/\/staging.interface-pol.ch\/fr\/wp-json\/wp\/v2\/users\/56"}],"replies":[{"embeddable":true,"href":"https:\/\/staging.interface-pol.ch\/fr\/wp-json\/wp\/v2\/comments?post=2648"}],"version-history":[{"count":0,"href":"https:\/\/staging.interface-pol.ch\/fr\/wp-json\/wp\/v2\/pages\/2648\/revisions"}],"up":[{"embeddable":true,"href":"https:\/\/staging.interface-pol.ch\/fr\/wp-json\/wp\/v2\/pages\/261"}],"wp:attachment":[{"href":"https:\/\/staging.interface-pol.ch\/fr\/wp-json\/wp\/v2\/media?parent=2648"}],"curies":[{"name":"wp","href":"https:\/\/api.w.org\/{rel}","templated":true}]}}