{"id":2654,"date":"2018-06-29T13:46:33","date_gmt":"2018-06-29T11:46:33","guid":{"rendered":"https:\/\/staging.interface-pol.ch\/?page_id=2654"},"modified":"2025-03-05T08:37:10","modified_gmt":"2025-03-05T07:37:10","slug":"developpement-de-strategies-et-conseil-en-organisation","status":"publish","type":"page","link":"https:\/\/staging.interface-pol.ch\/fr\/prestations\/developpement-de-strategies-et-conseil-en-organisation","title":{"rendered":"D\u00e9veloppement de strat\u00e9gies et conseil en organisation"},"content":{"rendered":"<p>Nous soutenons et conseillons nos clients lors du d\u00e9veloppement de leur organisation, mais aussi lors de l\u2019\u00e9laboration de strat\u00e9gies.<\/p>\n","protected":false},"excerpt":{"rendered":"<p>Nous soutenons et conseillons nos clients lors du d\u00e9veloppement de leur organisation, mais aussi lors de l\u2019\u00e9laboration de strat\u00e9gies.<\/p>\n","protected":false},"author":56,"featured_media":0,"parent":261,"menu_order":0,"comment_status":"closed","ping_status":"closed","template":"","meta":{"_acf_changed":false,"footnotes":""},"class_list":["post-2654","page","type-page","status-publish","hentry"],"acf":[],"_links":{"self":[{"href":"https:\/\/staging.interface-pol.ch\/fr\/wp-json\/wp\/v2\/pages\/2654","targetHints":{"allow":["GET"]}}],"collection":[{"href":"https:\/\/staging.interface-pol.ch\/fr\/wp-json\/wp\/v2\/pages"}],"about":[{"href":"https:\/\/staging.interface-pol.ch\/fr\/wp-json\/wp\/v2\/types\/page"}],"author":[{"embeddable":true,"href":"https:\/\/staging.interface-pol.ch\/fr\/wp-json\/wp\/v2\/users\/56"}],"replies":[{"embeddable":true,"href":"https:\/\/staging.interface-pol.ch\/fr\/wp-json\/wp\/v2\/comments?post=2654"}],"version-history":[{"count":1,"href":"https:\/\/staging.interface-pol.ch\/fr\/wp-json\/wp\/v2\/pages\/2654\/revisions"}],"predecessor-version":[{"id":82310,"href":"https:\/\/staging.interface-pol.ch\/fr\/wp-json\/wp\/v2\/pages\/2654\/revisions\/82310"}],"up":[{"embeddable":true,"href":"https:\/\/staging.interface-pol.ch\/fr\/wp-json\/wp\/v2\/pages\/261"}],"wp:attachment":[{"href":"https:\/\/staging.interface-pol.ch\/fr\/wp-json\/wp\/v2\/media?parent=2654"}],"curies":[{"name":"wp","href":"https:\/\/api.w.org\/{rel}","templated":true}]}}