{"id":2827,"date":"2018-07-02T13:14:38","date_gmt":"2018-07-02T11:14:38","guid":{"rendered":"https:\/\/staging.interface-pol.ch\/?page_id=2827"},"modified":"2025-03-15T10:53:49","modified_gmt":"2025-03-15T09:53:49","slug":"activite-denseignement","status":"publish","type":"page","link":"https:\/\/staging.interface-pol.ch\/fr\/prestations\/activite-denseignement","title":{"rendered":"Activit\u00e9 d\u2019enseignement"},"content":{"rendered":"<p>Les collaborateurs d\u2019Interface dispensent des cours de perfectionnement et enseignent dans des universit\u00e9s et hautes \u00e9coles sp\u00e9cialis\u00e9es. Les cours et s\u00e9minaires sur la th\u00e9orie et la m\u00e9thode de recherche \u00e9valuative en sciences politiques, les bases de la politique suisse et les m\u00e9thodes de l\u2019administration publique sont ici mis en avant.<\/p>\n","protected":false},"excerpt":{"rendered":"<p>Les collaborateurs d\u2019Interface dispensent des cours de perfectionnement et enseignent dans des universit\u00e9s et hautes \u00e9coles sp\u00e9cialis\u00e9es. Les cours et &hellip;<\/p>\n","protected":false},"author":56,"featured_media":0,"parent":261,"menu_order":0,"comment_status":"closed","ping_status":"closed","template":"","meta":{"_acf_changed":false,"footnotes":""},"class_list":["post-2827","page","type-page","status-publish","hentry"],"acf":[],"_links":{"self":[{"href":"https:\/\/staging.interface-pol.ch\/fr\/wp-json\/wp\/v2\/pages\/2827","targetHints":{"allow":["GET"]}}],"collection":[{"href":"https:\/\/staging.interface-pol.ch\/fr\/wp-json\/wp\/v2\/pages"}],"about":[{"href":"https:\/\/staging.interface-pol.ch\/fr\/wp-json\/wp\/v2\/types\/page"}],"author":[{"embeddable":true,"href":"https:\/\/staging.interface-pol.ch\/fr\/wp-json\/wp\/v2\/users\/56"}],"replies":[{"embeddable":true,"href":"https:\/\/staging.interface-pol.ch\/fr\/wp-json\/wp\/v2\/comments?post=2827"}],"version-history":[{"count":2,"href":"https:\/\/staging.interface-pol.ch\/fr\/wp-json\/wp\/v2\/pages\/2827\/revisions"}],"predecessor-version":[{"id":82500,"href":"https:\/\/staging.interface-pol.ch\/fr\/wp-json\/wp\/v2\/pages\/2827\/revisions\/82500"}],"up":[{"embeddable":true,"href":"https:\/\/staging.interface-pol.ch\/fr\/wp-json\/wp\/v2\/pages\/261"}],"wp:attachment":[{"href":"https:\/\/staging.interface-pol.ch\/fr\/wp-json\/wp\/v2\/media?parent=2827"}],"curies":[{"name":"wp","href":"https:\/\/api.w.org\/{rel}","templated":true}]}}