{"id":82328,"date":"2018-05-24T09:24:18","date_gmt":"2018-05-24T07:24:18","guid":{"rendered":"https:\/\/staging.interface-pol.ch\/chi-siamo\/unternehmen"},"modified":"2025-03-05T09:28:19","modified_gmt":"2025-03-05T08:28:19","slug":"azienda","status":"publish","type":"page","link":"https:\/\/staging.interface-pol.ch\/it\/chi-siamo\/azienda","title":{"rendered":"Azienda"},"content":{"rendered":"<p>Interface \u00e8 stata fondata nel 1991 dal Prof. Dr. Andreas Balthasar.<\/p>\n<p>I nostri uffici si trovano a Lucerna e Losanna. Interface \u00e8 il centro di competenza per la valutazione in Svizzera. Le collaboratrici e collaboratori conducono inoltre ricerche in vari campi e supportano e consigliano le organizzazioni nel loro ulteriore sviluppo e nell\u2019elaborazione di strategie. Moderiamo anche workshop e eventi per grandi gruppi.<\/p>\n<p>Le esigenze dei nostri clienti sono al centro di tutti i nostri servizi. Per ogni progetto costituiamo un team su misura che combina le competenze metodologiche e le conoscenze richieste. Dei servizi di qualit\u00e0 sono per noi una prerogativa scontata.<\/p>\n<p>Le nostre collaboratrici e i nostri collaboratori sono attivamente coinvolti in diversi comitati della Societ\u00e0 Svizzera di Valutazione (SEVAL). Interface \u00e8 membro della rete europea di valutazione C2E e \u00e8 certificata <a href=\"https:\/\/staging.interface-pol.ch\/app\/uploads\/2025\/03\/327395_iq_H42337.pdf\">ISO 9001:2015<\/a>. Con la certificazione del nostro sistema di gestione, ci impegniamo a soddisfare gli standard internazionali di gestione della qualit\u00e0 ISO 9001.<\/p>\n","protected":false},"excerpt":{"rendered":"<p>Interface \u00e8 stata fondata nel 1991 dal Prof. Dr. Andreas Balthasar. I nostri uffici si trovano a Lucerna e Losanna. &hellip;<\/p>\n","protected":false},"author":1,"featured_media":0,"parent":82320,"menu_order":0,"comment_status":"closed","ping_status":"closed","template":"","meta":{"_acf_changed":false,"footnotes":""},"class_list":["post-82328","page","type-page","status-publish","hentry"],"acf":[],"_links":{"self":[{"href":"https:\/\/staging.interface-pol.ch\/it\/wp-json\/wp\/v2\/pages\/82328","targetHints":{"allow":["GET"]}}],"collection":[{"href":"https:\/\/staging.interface-pol.ch\/it\/wp-json\/wp\/v2\/pages"}],"about":[{"href":"https:\/\/staging.interface-pol.ch\/it\/wp-json\/wp\/v2\/types\/page"}],"author":[{"embeddable":true,"href":"https:\/\/staging.interface-pol.ch\/it\/wp-json\/wp\/v2\/users\/1"}],"replies":[{"embeddable":true,"href":"https:\/\/staging.interface-pol.ch\/it\/wp-json\/wp\/v2\/comments?post=82328"}],"version-history":[{"count":3,"href":"https:\/\/staging.interface-pol.ch\/it\/wp-json\/wp\/v2\/pages\/82328\/revisions"}],"predecessor-version":[{"id":82338,"href":"https:\/\/staging.interface-pol.ch\/it\/wp-json\/wp\/v2\/pages\/82328\/revisions\/82338"}],"up":[{"embeddable":true,"href":"https:\/\/staging.interface-pol.ch\/it\/wp-json\/wp\/v2\/pages\/82320"}],"wp:attachment":[{"href":"https:\/\/staging.interface-pol.ch\/it\/wp-json\/wp\/v2\/media?parent=82328"}],"curies":[{"name":"wp","href":"https:\/\/api.w.org\/{rel}","templated":true}]}}