{"id":82348,"date":"2018-06-20T16:04:47","date_gmt":"2018-06-20T14:04:47","guid":{"rendered":"https:\/\/staging.interface-pol.ch\/temi\/alter-und-demografischer-wandel"},"modified":"2025-03-18T15:52:04","modified_gmt":"2025-03-18T14:52:04","slug":"invecchiamento-ed-evoluzione-demografica","status":"publish","type":"page","link":"https:\/\/staging.interface-pol.ch\/it\/temi\/invecchiamento-ed-evoluzione-demografica","title":{"rendered":"Invecchiamento ed evoluzione demografica"},"content":{"rendered":"<p>Non ci concentriamo solo sui rischi, bens\u00ec anche sulle numerose opportunit\u00e0 che l\u2019evoluzione demografica comporta per la societ\u00e0. L\u2019attenzione \u00e8 rivolta alla previdenza sociale, alla convivenza tra le generazioni, alla possibilit\u00e0 di vivere indipendentemente e alla vita in et\u00e0 avanzata.<\/p>\n","protected":false},"excerpt":{"rendered":"<p>Non ci concentriamo solo sui rischi, bens\u00ec anche sulle numerose opportunit\u00e0 che l\u2019evoluzione demografica comporta per la societ\u00e0. L\u2019attenzione \u00e8 &hellip;<\/p>\n","protected":false},"author":1,"featured_media":82349,"parent":82346,"menu_order":0,"comment_status":"closed","ping_status":"closed","template":"","meta":{"_acf_changed":false,"footnotes":""},"class_list":["post-82348","page","type-page","status-publish","has-post-thumbnail","hentry"],"acf":[],"_links":{"self":[{"href":"https:\/\/staging.interface-pol.ch\/it\/wp-json\/wp\/v2\/pages\/82348","targetHints":{"allow":["GET"]}}],"collection":[{"href":"https:\/\/staging.interface-pol.ch\/it\/wp-json\/wp\/v2\/pages"}],"about":[{"href":"https:\/\/staging.interface-pol.ch\/it\/wp-json\/wp\/v2\/types\/page"}],"author":[{"embeddable":true,"href":"https:\/\/staging.interface-pol.ch\/it\/wp-json\/wp\/v2\/users\/1"}],"replies":[{"embeddable":true,"href":"https:\/\/staging.interface-pol.ch\/it\/wp-json\/wp\/v2\/comments?post=82348"}],"version-history":[{"count":2,"href":"https:\/\/staging.interface-pol.ch\/it\/wp-json\/wp\/v2\/pages\/82348\/revisions"}],"predecessor-version":[{"id":82518,"href":"https:\/\/staging.interface-pol.ch\/it\/wp-json\/wp\/v2\/pages\/82348\/revisions\/82518"}],"up":[{"embeddable":true,"href":"https:\/\/staging.interface-pol.ch\/it\/wp-json\/wp\/v2\/pages\/82346"}],"wp:featuredmedia":[{"embeddable":true,"href":"https:\/\/staging.interface-pol.ch\/it\/wp-json\/wp\/v2\/media\/82349"}],"wp:attachment":[{"href":"https:\/\/staging.interface-pol.ch\/it\/wp-json\/wp\/v2\/media?parent=82348"}],"curies":[{"name":"wp","href":"https:\/\/api.w.org\/{rel}","templated":true}]}}