{"id":82358,"date":"2018-06-29T14:03:54","date_gmt":"2018-06-29T12:03:54","guid":{"rendered":"https:\/\/staging.interface-pol.ch\/temi\/equal-opportunities"},"modified":"2025-03-18T15:53:21","modified_gmt":"2025-03-18T14:53:21","slug":"pari-opportunita","status":"publish","type":"page","link":"https:\/\/staging.interface-pol.ch\/it\/temi\/pari-opportunita","title":{"rendered":"Pari opportunit\u00e0"},"content":{"rendered":"<p>Tutte le persone \u2013 indipendentemente dal genere, dall\u2019et\u00e0, dal ceto sociale, dall\u2019origine etnica o da una possibile disabilit\u00e0 \u2013 devono avere pari opportunit\u00e0 di partecipare alla vita sociale. In quanto tema trasversale, le pari opportunit\u00e0 riguardano tutti i settori della societ\u00e0. Con le nostre analisi, valutazioni e consulenze contribuiamo a comprendere le strutture e i meccanismi che influenzano la partecipazione sociale.<\/p>\n","protected":false},"excerpt":{"rendered":"<p>Tutte le persone \u2013 indipendentemente dal genere, dall\u2019et\u00e0, dal ceto sociale, dall\u2019origine etnica o da una possibile disabilit\u00e0 \u2013 devono &hellip;<\/p>\n","protected":false},"author":56,"featured_media":82359,"parent":82346,"menu_order":0,"comment_status":"closed","ping_status":"closed","template":"","meta":{"_acf_changed":false,"footnotes":""},"class_list":["post-82358","page","type-page","status-publish","has-post-thumbnail","hentry"],"acf":[],"_links":{"self":[{"href":"https:\/\/staging.interface-pol.ch\/it\/wp-json\/wp\/v2\/pages\/82358","targetHints":{"allow":["GET"]}}],"collection":[{"href":"https:\/\/staging.interface-pol.ch\/it\/wp-json\/wp\/v2\/pages"}],"about":[{"href":"https:\/\/staging.interface-pol.ch\/it\/wp-json\/wp\/v2\/types\/page"}],"author":[{"embeddable":true,"href":"https:\/\/staging.interface-pol.ch\/it\/wp-json\/wp\/v2\/users\/56"}],"replies":[{"embeddable":true,"href":"https:\/\/staging.interface-pol.ch\/it\/wp-json\/wp\/v2\/comments?post=82358"}],"version-history":[{"count":3,"href":"https:\/\/staging.interface-pol.ch\/it\/wp-json\/wp\/v2\/pages\/82358\/revisions"}],"predecessor-version":[{"id":82520,"href":"https:\/\/staging.interface-pol.ch\/it\/wp-json\/wp\/v2\/pages\/82358\/revisions\/82520"}],"up":[{"embeddable":true,"href":"https:\/\/staging.interface-pol.ch\/it\/wp-json\/wp\/v2\/pages\/82346"}],"wp:featuredmedia":[{"embeddable":true,"href":"https:\/\/staging.interface-pol.ch\/it\/wp-json\/wp\/v2\/media\/82359"}],"wp:attachment":[{"href":"https:\/\/staging.interface-pol.ch\/it\/wp-json\/wp\/v2\/media?parent=82358"}],"curies":[{"name":"wp","href":"https:\/\/api.w.org\/{rel}","templated":true}]}}