{"id":82421,"date":"2018-06-20T16:08:58","date_gmt":"2018-06-20T14:08:58","guid":{"rendered":"https:\/\/staging.interface-pol.ch\/temi\/verkehr-und-mobilitaet"},"modified":"2025-03-18T15:58:37","modified_gmt":"2025-03-18T14:58:37","slug":"trasporti-e-mobilita","status":"publish","type":"page","link":"https:\/\/staging.interface-pol.ch\/it\/temi\/trasporti-e-mobilita","title":{"rendered":"Trasporti e mobilit\u00e0"},"content":{"rendered":"<p>Offriamo consulenza nei settori del trasporto pubblico e privato di persone e merci, esaminiamo gli effetti della politica dei trasporti e degli interventi di pianificazione dei trasporti e studiamo i comportamenti di mobilit\u00e0 utilizzando metodi di indagine innovativi. Nel fare ci\u00f2, ci occupiamo anche di questioni relative alla mobilit\u00e0 del futuro (tra cui la guida automatizzata, il carpooling).<\/p>\n","protected":false},"excerpt":{"rendered":"<p>Offriamo consulenza nei settori del trasporto pubblico e privato di persone e merci, esaminiamo gli effetti della politica dei trasporti &hellip;<\/p>\n","protected":false},"author":1,"featured_media":82422,"parent":82346,"menu_order":0,"comment_status":"closed","ping_status":"closed","template":"","meta":{"_acf_changed":false,"footnotes":""},"class_list":["post-82421","page","type-page","status-publish","has-post-thumbnail","hentry"],"acf":[],"_links":{"self":[{"href":"https:\/\/staging.interface-pol.ch\/it\/wp-json\/wp\/v2\/pages\/82421","targetHints":{"allow":["GET"]}}],"collection":[{"href":"https:\/\/staging.interface-pol.ch\/it\/wp-json\/wp\/v2\/pages"}],"about":[{"href":"https:\/\/staging.interface-pol.ch\/it\/wp-json\/wp\/v2\/types\/page"}],"author":[{"embeddable":true,"href":"https:\/\/staging.interface-pol.ch\/it\/wp-json\/wp\/v2\/users\/1"}],"replies":[{"embeddable":true,"href":"https:\/\/staging.interface-pol.ch\/it\/wp-json\/wp\/v2\/comments?post=82421"}],"version-history":[{"count":3,"href":"https:\/\/staging.interface-pol.ch\/it\/wp-json\/wp\/v2\/pages\/82421\/revisions"}],"predecessor-version":[{"id":82528,"href":"https:\/\/staging.interface-pol.ch\/it\/wp-json\/wp\/v2\/pages\/82421\/revisions\/82528"}],"up":[{"embeddable":true,"href":"https:\/\/staging.interface-pol.ch\/it\/wp-json\/wp\/v2\/pages\/82346"}],"wp:featuredmedia":[{"embeddable":true,"href":"https:\/\/staging.interface-pol.ch\/it\/wp-json\/wp\/v2\/media\/82422"}],"wp:attachment":[{"href":"https:\/\/staging.interface-pol.ch\/it\/wp-json\/wp\/v2\/media?parent=82421"}],"curies":[{"name":"wp","href":"https:\/\/api.w.org\/{rel}","templated":true}]}}