{"id":82433,"date":"2018-06-29T21:53:38","date_gmt":"2018-06-29T19:53:38","guid":{"rendered":"https:\/\/staging.interface-pol.ch\/protection-des-donnees"},"modified":"2025-03-05T13:56:11","modified_gmt":"2025-03-05T12:56:11","slug":"dichiarazione-protezione-dati","status":"publish","type":"page","link":"https:\/\/staging.interface-pol.ch\/it\/dichiarazione-protezione-dati","title":{"rendered":"Dichiarazione protezione dati"},"content":{"rendered":"<h2>Remarques g\u00e9n\u00e9rales<\/h2>\n<p>La pr\u00e9sente d\u00e9claration de protection des donn\u00e9es a pour but d&#8217;informer les utilisateurs de ce site internet de la nature, de la port\u00e9e et de l&#8217;objectif de la collecte et de l&#8217;utilisation des donn\u00e9es personnelles par Interface Politikstudien Forschung Beratung AG.<\/p>\n<p>Interface Politikstudien Forschung Beratung AG prend votre vie priv\u00e9e tr\u00e8s au s\u00e9rieux et traite vos donn\u00e9es personnelles en toute confidentialit\u00e9 et conform\u00e9ment aux dispositions l\u00e9gales. Etant donn\u00e9 que les nouvelles technologies et le d\u00e9veloppement constant de ce site internet peuvent entra\u00eener des modifications de cette d\u00e9claration de protection des donn\u00e9es, nous vous recommandons de la relire r\u00e9guli\u00e8rement.<\/p>\n<p>&nbsp;<\/p>\n<h2>Donn\u00e9es d\u2019acc\u00e8s<\/h2>\n<p>Nous collectons des donn\u00e9es sur les acc\u00e8s au site internet et les sauvegardons dans des \u00ab\u00a0fichiers log\u00a0\u00bb sur le serveur du site internet. Les donn\u00e9es suivantes sont sauvegard\u00e9es :<\/p>\n<ul>\n<li>Site Web visit\u00e9<\/li>\n<li>Heure au moment de l&#8217;acc\u00e8s<\/li>\n<li>Quantit\u00e9 de donn\u00e9es envoy\u00e9es en octets<\/li>\n<li>Source\/renvoi \u00e0 partir duquel vous \u00eates arriv\u00e9 sur la page<\/li>\n<li>Navigateur utilis\u00e9<\/li>\n<li>Syst\u00e8me d&#8217;exploitation utilis\u00e9<\/li>\n<li>Adresse IP utilis\u00e9e<\/li>\n<\/ul>\n<p>&nbsp;<\/p>\n<h2>Cookies<\/h2>\n<p>Ce site internet utilise des cookies pour la mesure de la port\u00e9e du site internet, lesquels sont transmis soit par notre serveur, soit par le serveur d&#8217;un tiers au navigateur de l&#8217;utilisateur. Les cookies sont des fichiers textes qui sont sauvegard\u00e9s sur votre ordinateur. Votre navigateur acc\u00e8de \u00e0 ces fichiers. L&#8217;utilisation de cookies augmente la convivialit\u00e9 et la s\u00e9curit\u00e9 de ce site internet.<\/p>\n<p>&nbsp;<\/p>\n<h2>Utilisation des moyens de contact<\/h2>\n<p>Si vous contactez Interface Politikstudien Forschung Beratung AG par le biais des moyens de contact propos\u00e9s, vos donn\u00e9es seront sauvegard\u00e9es afin qu&#8217;elles puissent \u00eatre utilis\u00e9es pour traiter votre demande et y r\u00e9pondre. Ces donn\u00e9es ne seront pas transmises \u00e0 des tiers sans votre consentement.<\/p>\n<p>&nbsp;<\/p>\n<h2>Services d&#8217;analyse<\/h2>\n<p>Notre site internet utilise un service d&#8217;analyse appel\u00e9 Matomo. Matomo utilise des \u00ab cookies \u00bb, qui sont des donn\u00e9es texte sauvegard\u00e9es sur votre ordinateur. Les informations d&#8217;utilisation g\u00e9n\u00e9r\u00e9es par le cookie (y compris votre adresse IP abr\u00e9g\u00e9e) sont transmises \u00e0 notre serveur et sauvegard\u00e9es \u00e0 des fins d&#8217;analyse, ce qui nous permet d&#8217;optimiser notre site internet. Au cours de ce processus, votre adresse IP est imm\u00e9diatement rendue anonyme afin que vous, en tant qu&#8217;utilisateur, restiez \u00e9galement anonyme. Les informations g\u00e9n\u00e9r\u00e9es par le cookie sur l\u2019utilisation de ce site ne seront pas divulgu\u00e9es \u00e0 des tiers. Vous pouvez refuser l&#8217;utilisation de cookies en s\u00e9lectionnant les param\u00e8tres appropri\u00e9s de votre navigateur. Toutefois si vous le faites, vous ne pourrez peut-\u00eatre pas utiliser toutes les fonctionnalit\u00e9s de ce site.<\/p>\n<p>&nbsp;<\/p>\n<h2>Affichage du contenu de plateformes externes<\/h2>\n<p>Ce type de service vous permet de visualiser et d&#8217;interagir avec des contenus h\u00e9berg\u00e9s sur des plateformes externes directement depuis les pages d&#8217;interface-pol.ch. Des donn\u00e9es relatives au trafic internet peuvent \u00eatre collect\u00e9es sur les pages dans lesquelles le service est install\u00e9, m\u00eame si vous ne l&#8217;utilisez plus.<\/p>\n<h3>Fonts.com de Monotype Imaging Inc.<\/h3>\n<p>Fonts.com est un service de visualisation de polices de caract\u00e8res fourni par Monotype Imaging Inc. qui permet \u00e0 interface-pol.ch d&#8217;int\u00e9grer ce contenu dans le site internet. Les donn\u00e9es d&#8217;utilisation et les diff\u00e9rents types de donn\u00e9es sont collect\u00e9es comme indiqu\u00e9 dans la politique de confidentialit\u00e9 du service.<\/p>\n<p><a href=\"https:\/\/www.monotype.com\/legal\/privacy-policy\/\"><strong>D\u00e9claration de protection des donn\u00e9es de Monotype Imaging Inc<\/strong>.<\/a><\/p>\n<h3>Mapbox<\/h3>\n<p>Mapbox est un service de visualisation de cartes de Mapbox Inc. qui permet \u00e0 interface-pol.ch d&#8217;int\u00e9grer le contenu correspondant dans ses pages. Les donn\u00e9es d&#8217;utilisation et les diff\u00e9rents types de donn\u00e9es sont collect\u00e9es comme indiqu\u00e9 dans la politique de confidentialit\u00e9 du service.<\/p>\n<p><a href=\"https:\/\/www.mapbox.com\/legal\/privacy\/\"><strong>D\u00e9claration de protection des donn\u00e9es de Mapbox Inc.<\/strong><\/a><\/p>\n<p>&nbsp;<\/p>\n<h2>Inscription \u00e0 la newsletter<\/h2>\n<p>Nous vous proposons une newsletter dans laquelle nous vous informons des \u00e9v\u00e9nements et offres actuelles. Si vous souhaitez vous inscrire \u00e0 la newsletter, vous devez fournir une adresse e-mail valide. Si vous vous inscrivez \u00e0 la newsletter, vous acceptez de recevoir la newsletter et les proc\u00e9dures d\u00e9crites ci-dessus.<\/p>\n<p>La newsletter est envoy\u00e9e par le service d\u2019exp\u00e9dition MailChimp (The Rocket Science Group, LLC.). Vous trouverez des informations sur les dispositions relatives \u00e0 la protection des donn\u00e9es de MailChimp \u00e0 l&#8217;adresse suivante : <a href=\"https:\/\/mailchimp.com\/legal\/privacy\/\">https:\/\/mailchimp.com\/legal\/privacy\/<\/a><\/p>\n<p>R\u00e9vocation et d\u00e9sinscription : vous pouvez r\u00e9voquer \u00e0 tout moment votre consentement \u00e0 recevoir la newsletter et ainsi vous d\u00e9sinscrire de la newsletter. Apr\u00e8s votre d\u00e9sinscription, vos donn\u00e9es personnelles seront supprim\u00e9es. Votre consentement \u00e0 recevoir la newsletter expirera en m\u00eame temps. A la fin de chaque newsletter, vous trouverez le lien pour la d\u00e9sinscription.<\/p>\n<p>&nbsp;<\/p>\n<h2>Droits de l&#8217;utilisateur<\/h2>\n<p>En tant qu&#8217;utilisateur, vous avez le droit de demander gratuitement des informations sur les donn\u00e9es personnelles vous concernant ayant \u00e9t\u00e9 sauvegard\u00e9es. Vous avez \u00e9galement le droit de corriger les donn\u00e9es erron\u00e9es et de limiter ou de supprimer le traitement de vos donn\u00e9es personnelles. Le cas \u00e9ch\u00e9ant, vous pouvez \u00e9galement exercer votre droit \u00e0 la portabilit\u00e9 des donn\u00e9es. Si vous pensez que vos donn\u00e9es ont \u00e9t\u00e9 trait\u00e9es ill\u00e9galement, vous pouvez d\u00e9poser une plainte aupr\u00e8s de l&#8217;autorit\u00e9 de contr\u00f4le responsable.<\/p>\n<h3>Suppression des donn\u00e9es<\/h3>\n<p>\u00c0 moins que votre demande n\u2019entre en conflit avec une obligation l\u00e9gale de conservation des donn\u00e9es, vous avez le droit de supprimer vos donn\u00e9es. Les donn\u00e9es sauvegard\u00e9es seront effac\u00e9es si elles ne sont plus n\u00e9cessaires \u00e0 l&#8217;usage auquel elles sont destin\u00e9es et s&#8217;il n&#8217;y a pas de d\u00e9lai de conservation l\u00e9gal. Si la suppression ne peut \u00eatre effectu\u00e9e parce que les donn\u00e9es sont n\u00e9cessaires \u00e0 des fins l\u00e9gales autoris\u00e9es, le traitement des donn\u00e9es sera limit\u00e9. Dans ce cas, les donn\u00e9es seront bloqu\u00e9es et ne seront pas trait\u00e9es \u00e0 d&#8217;autres fins.<\/p>\n<h3>Droit d&#8217;opposition<\/h3>\n<p>Les utilisateurs de ce site internet peuvent \u00e0 tout moment exercer leur droit d&#8217;opposition et s&#8217;opposer au traitement de leurs donn\u00e9es personnelles. Si vous souhaitez une rectification, un blocage, une suppression ou des informations sur les donn\u00e9es personnelles sauvegard\u00e9es vous concernant ou si vous avez des questions concernant la collecte, le traitement ou l&#8217;utilisation de vos donn\u00e9es personnelles ou si vous souhaitez retirer votre consentement, veuillez contacter l&#8217;adresse e-mail suivante : luzern@interface-pol.ch<\/p>\n","protected":false},"excerpt":{"rendered":"<p>Remarques g\u00e9n\u00e9rales La pr\u00e9sente d\u00e9claration de protection des donn\u00e9es a pour but d&#8217;informer les utilisateurs de ce site internet de &hellip;<\/p>\n","protected":false},"author":1,"featured_media":0,"parent":0,"menu_order":0,"comment_status":"closed","ping_status":"closed","template":"","meta":{"_acf_changed":false,"footnotes":""},"class_list":["post-82433","page","type-page","status-publish","hentry"],"acf":[],"_links":{"self":[{"href":"https:\/\/staging.interface-pol.ch\/it\/wp-json\/wp\/v2\/pages\/82433","targetHints":{"allow":["GET"]}}],"collection":[{"href":"https:\/\/staging.interface-pol.ch\/it\/wp-json\/wp\/v2\/pages"}],"about":[{"href":"https:\/\/staging.interface-pol.ch\/it\/wp-json\/wp\/v2\/types\/page"}],"author":[{"embeddable":true,"href":"https:\/\/staging.interface-pol.ch\/it\/wp-json\/wp\/v2\/users\/1"}],"replies":[{"embeddable":true,"href":"https:\/\/staging.interface-pol.ch\/it\/wp-json\/wp\/v2\/comments?post=82433"}],"version-history":[{"count":1,"href":"https:\/\/staging.interface-pol.ch\/it\/wp-json\/wp\/v2\/pages\/82433\/revisions"}],"predecessor-version":[{"id":82434,"href":"https:\/\/staging.interface-pol.ch\/it\/wp-json\/wp\/v2\/pages\/82433\/revisions\/82434"}],"wp:attachment":[{"href":"https:\/\/staging.interface-pol.ch\/it\/wp-json\/wp\/v2\/media?parent=82433"}],"curies":[{"name":"wp","href":"https:\/\/api.w.org\/{rel}","templated":true}]}}